{"id":12664,"date":"2024-06-20T15:05:47","date_gmt":"2024-06-20T13:05:47","guid":{"rendered":"http:\/\/develop.eam-scientific.com\/produkt\/bimetal-kapak-n-20-mavi-guemues-delikli-septumsuz\/"},"modified":"2024-06-20T15:05:47","modified_gmt":"2024-06-20T13:05:47","slug":"bimetal-kapak-n-20-mavi-guemues-delikli-septumsuz","status":"publish","type":"product","link":"https:\/\/develop.eam-scientific.com\/tr\/produkt\/bimetal-kapak-n-20-mavi-guemues-delikli-septumsuz\/","title":{"rendered":"Bimetal kapak, N 20, mavi\/g\u00fcm\u00fc\u015f, delikli, septumsuz"},"content":{"rendered":"<p>Bimetal k\u0131vr\u0131ml\u0131 kapaklar, \u015fi\u015fenin \u00f6rne\u011fin CTC Combi PAL, Shimadzu AOC 5000\/6000 veya Gerstel otomatik \u00f6rnekleyicide m\u0131knat\u0131slar kullan\u0131larak ta\u015f\u0131nmas\u0131n\u0131 sa\u011flar. Genellikle k\u0131vr\u0131lmalar\u0131\/a\u00e7\u0131lmalar\u0131 daha zordur, bu nedenle N 18 tepe bo\u015flu\u011fu di\u015fli \u015fi\u015feler daha uygun bir alternatif olabilir. Bu \u00fcr\u00fcnde s\u0131zd\u0131rmazl\u0131k diski (septum) yoktur.<\/p>\n","protected":false},"excerpt":{"rendered":"<p>Bimetal k\u0131vr\u0131ml\u0131 kapaklar, \u015fi\u015fenin \u00f6rne\u011fin CTC Combi PAL, Shimadzu AOC 5000\/6000 veya Gerstel otomatik \u00f6rnekleyicide m\u0131knat\u0131slar kullan\u0131larak ta\u015f\u0131nmas\u0131n\u0131 sa\u011flar. Genellikle k\u0131vr\u0131lmalar\u0131\/a\u00e7\u0131lmalar\u0131 daha zordur, bu nedenle N 18 tepe bo\u015flu\u011fu di\u015fli \u015fi\u015feler daha uygun bir alternatif olabilir. Bu \u00fcr\u00fcnde s\u0131zd\u0131rmazl\u0131k diski (septum) yoktur.<\/p>\n","protected":false},"featured_media":8976,"comment_status":"open","ping_status":"closed","template":"","meta":[],"product_cat":[98,97,67,92],"product_tag":[],"class_list":{"0":"post-12664","1":"product","2":"type-product","3":"status-publish","4":"has-post-thumbnail","6":"product_cat-kapaklar-ve-septalar","7":"product_cat-kapanislar","8":"product_cat-kromatografi","9":"product_cat-vial-ve-kapaklar","11":"first","12":"instock","13":"shipping-taxable","14":"product-type-simple"},"_links":{"self":[{"href":"https:\/\/develop.eam-scientific.com\/tr\/wp-json\/wp\/v2\/product\/12664","targetHints":{"allow":["GET"]}}],"collection":[{"href":"https:\/\/develop.eam-scientific.com\/tr\/wp-json\/wp\/v2\/product"}],"about":[{"href":"https:\/\/develop.eam-scientific.com\/tr\/wp-json\/wp\/v2\/types\/product"}],"replies":[{"embeddable":true,"href":"https:\/\/develop.eam-scientific.com\/tr\/wp-json\/wp\/v2\/comments?post=12664"}],"wp:featuredmedia":[{"embeddable":true,"href":"https:\/\/develop.eam-scientific.com\/tr\/wp-json\/wp\/v2\/media\/8976"}],"wp:attachment":[{"href":"https:\/\/develop.eam-scientific.com\/tr\/wp-json\/wp\/v2\/media?parent=12664"}],"wp:term":[{"taxonomy":"product_cat","embeddable":true,"href":"https:\/\/develop.eam-scientific.com\/tr\/wp-json\/wp\/v2\/product_cat?post=12664"},{"taxonomy":"product_tag","embeddable":true,"href":"https:\/\/develop.eam-scientific.com\/tr\/wp-json\/wp\/v2\/product_tag?post=12664"}],"curies":[{"name":"wp","href":"https:\/\/api.w.org\/{rel}","templated":true}]}}