{"id":12672,"date":"2024-06-20T15:05:46","date_gmt":"2024-06-20T13:05:46","guid":{"rendered":"http:\/\/develop.eam-scientific.com\/produkt\/flare-kapak-n-20-alueminyum-altin-orta-yirtmac-butil-koyu-gri-ptfe-gri-3mm\/"},"modified":"2024-06-20T15:05:46","modified_gmt":"2024-06-20T13:05:46","slug":"flare-kapak-n-20-alueminyum-altin-orta-yirtmac-butil-koyu-gri-ptfe-gri-3mm","status":"publish","type":"product","link":"https:\/\/develop.eam-scientific.com\/tr\/produkt\/flare-kapak-n-20-alueminyum-altin-orta-yirtmac-butil-koyu-gri-ptfe-gri-3mm\/","title":{"rendered":"Flare kapak, N 20, al\u00fcminyum, alt\u0131n, orta y\u0131rtma\u00e7, butil koyu gri\/PTFE gri, 3mm"},"content":{"rendered":"<p>Merkez y\u0131rtma kapaklar\u0131, kurcalanmaya kar\u015f\u0131 korumal\u0131 m\u00fch\u00fcrlere sahip k\u0131vr\u0131ml\u0131 kapaklard\u0131r. Septuma girmek i\u00e7in \u00f6nce orta kapak \u00e7\u0131kar\u0131larak delik eri\u015filebilir hale getirilmelidir. Bu \u00fcr\u00fcn, sadece numune ile temas alan\u0131nda PTFE ile lamine edilmi\u015f butil\/PTFE kal\u0131pl\u0131 diske sahip bir kapakt\u0131r. Bu \u015fekilde, elastomerik butil \u015fi\u015fenin cam kenarlar\u0131nda \u00f6zellikle iyi bir s\u0131zd\u0131rmazl\u0131k sa\u011flayabilirken, tamamen PTFE lamine septa cam \u00fczerinde \u00e7ok kaygan bir y\u00fczeye sahiptir ve bu nedenle kolayca d\u00f6nd\u00fcr\u00fclebilir.<\/p>\n","protected":false},"excerpt":{"rendered":"<p>Merkez y\u0131rtma kapaklar\u0131, kurcalanmaya kar\u015f\u0131 korumal\u0131 m\u00fch\u00fcrlere sahip k\u0131vr\u0131ml\u0131 kapaklard\u0131r. Septuma girmek i\u00e7in \u00f6nce orta kapak \u00e7\u0131kar\u0131larak delik eri\u015filebilir hale getirilmelidir. Bu \u00fcr\u00fcn, sadece numune ile temas alan\u0131nda PTFE ile lamine edilmi\u015f butil\/PTFE kal\u0131pl\u0131 diske sahip bir kapakt\u0131r. Bu \u015fekilde, elastomerik butil \u015fi\u015fenin cam kenarlar\u0131nda \u00f6zellikle iyi bir s\u0131zd\u0131rmazl\u0131k sa\u011flayabilirken, tamamen PTFE lamine septa cam [&hellip;]<\/p>\n","protected":false},"featured_media":8962,"comment_status":"open","ping_status":"closed","template":"","meta":[],"product_cat":[98,97,67,92],"product_tag":[],"class_list":{"0":"post-12672","1":"product","2":"type-product","3":"status-publish","4":"has-post-thumbnail","6":"product_cat-kapaklar-ve-septalar","7":"product_cat-kapanislar","8":"product_cat-kromatografi","9":"product_cat-vial-ve-kapaklar","11":"first","12":"instock","13":"shipping-taxable","14":"product-type-simple"},"_links":{"self":[{"href":"https:\/\/develop.eam-scientific.com\/tr\/wp-json\/wp\/v2\/product\/12672","targetHints":{"allow":["GET"]}}],"collection":[{"href":"https:\/\/develop.eam-scientific.com\/tr\/wp-json\/wp\/v2\/product"}],"about":[{"href":"https:\/\/develop.eam-scientific.com\/tr\/wp-json\/wp\/v2\/types\/product"}],"replies":[{"embeddable":true,"href":"https:\/\/develop.eam-scientific.com\/tr\/wp-json\/wp\/v2\/comments?post=12672"}],"wp:featuredmedia":[{"embeddable":true,"href":"https:\/\/develop.eam-scientific.com\/tr\/wp-json\/wp\/v2\/media\/8962"}],"wp:attachment":[{"href":"https:\/\/develop.eam-scientific.com\/tr\/wp-json\/wp\/v2\/media?parent=12672"}],"wp:term":[{"taxonomy":"product_cat","embeddable":true,"href":"https:\/\/develop.eam-scientific.com\/tr\/wp-json\/wp\/v2\/product_cat?post=12672"},{"taxonomy":"product_tag","embeddable":true,"href":"https:\/\/develop.eam-scientific.com\/tr\/wp-json\/wp\/v2\/product_tag?post=12672"}],"curies":[{"name":"wp","href":"https:\/\/api.w.org\/{rel}","templated":true}]}}