{"id":12676,"date":"2024-06-20T15:05:46","date_gmt":"2024-06-20T13:05:46","guid":{"rendered":"http:\/\/develop.eam-scientific.com\/produkt\/vidali-kapak-bagli-n-10-pp-siyah-delik-silikon-w-ptfe-kirmizi-1-0mm\/"},"modified":"2024-06-20T15:05:46","modified_gmt":"2024-06-20T13:05:46","slug":"vidali-kapak-bagli-n-10-pp-siyah-delik-silikon-w-ptfe-kirmizi-1-0mm","status":"publish","type":"product","link":"https:\/\/develop.eam-scientific.com\/tr\/produkt\/vidali-kapak-bagli-n-10-pp-siyah-delik-silikon-w-ptfe-kirmizi-1-0mm\/","title":{"rendered":"Vidal\u0131 kapak (ba\u011fl\u0131), N 10, PP, siyah, delik, silikon w.\/PTFE k\u0131rm\u0131z\u0131, 1.0mm"},"content":{"rendered":"<p>Zorlu analizler i\u00e7in silikon\/PTFE vidal\u0131 kapak. G\u00fcvenli penetrasyonu sa\u011flamak i\u00e7in septa kapa\u011fa s\u0131k\u0131ca ba\u011flanm\u0131\u015ft\u0131r (yap\u0131\u015ft\u0131r\u0131lm\u0131\u015ft\u0131r).<\/p>\n","protected":false},"excerpt":{"rendered":"<p>Zorlu analizler i\u00e7in silikon\/PTFE vidal\u0131 kapak. G\u00fcvenli penetrasyonu sa\u011flamak i\u00e7in septa kapa\u011fa s\u0131k\u0131ca ba\u011flanm\u0131\u015ft\u0131r (yap\u0131\u015ft\u0131r\u0131lm\u0131\u015ft\u0131r).<\/p>\n","protected":false},"featured_media":8960,"comment_status":"open","ping_status":"closed","template":"","meta":[],"product_cat":[98,97,67,92],"product_tag":[],"class_list":{"0":"post-12676","1":"product","2":"type-product","3":"status-publish","4":"has-post-thumbnail","6":"product_cat-kapaklar-ve-septalar","7":"product_cat-kapanislar","8":"product_cat-kromatografi","9":"product_cat-vial-ve-kapaklar","11":"first","12":"instock","13":"shipping-taxable","14":"product-type-simple"},"_links":{"self":[{"href":"https:\/\/develop.eam-scientific.com\/tr\/wp-json\/wp\/v2\/product\/12676","targetHints":{"allow":["GET"]}}],"collection":[{"href":"https:\/\/develop.eam-scientific.com\/tr\/wp-json\/wp\/v2\/product"}],"about":[{"href":"https:\/\/develop.eam-scientific.com\/tr\/wp-json\/wp\/v2\/types\/product"}],"replies":[{"embeddable":true,"href":"https:\/\/develop.eam-scientific.com\/tr\/wp-json\/wp\/v2\/comments?post=12676"}],"wp:featuredmedia":[{"embeddable":true,"href":"https:\/\/develop.eam-scientific.com\/tr\/wp-json\/wp\/v2\/media\/8960"}],"wp:attachment":[{"href":"https:\/\/develop.eam-scientific.com\/tr\/wp-json\/wp\/v2\/media?parent=12676"}],"wp:term":[{"taxonomy":"product_cat","embeddable":true,"href":"https:\/\/develop.eam-scientific.com\/tr\/wp-json\/wp\/v2\/product_cat?post=12676"},{"taxonomy":"product_tag","embeddable":true,"href":"https:\/\/develop.eam-scientific.com\/tr\/wp-json\/wp\/v2\/product_tag?post=12676"}],"curies":[{"name":"wp","href":"https:\/\/api.w.org\/{rel}","templated":true}]}}