{"id":12677,"date":"2024-06-20T15:05:46","date_gmt":"2024-06-20T13:05:46","guid":{"rendered":"http:\/\/develop.eam-scientific.com\/produkt\/gecmeli-halka-kapatma-n11-pe-yumusak-acik-mavi-delik-sil-w-polyimide-or-1-0-flor-icermez\/"},"modified":"2024-06-20T15:05:46","modified_gmt":"2024-06-20T13:05:46","slug":"gecmeli-halka-kapatma-n11-pe-yumusak-acik-mavi-delik-sil-w-polyimide-or-1-0-flor-icermez","status":"publish","type":"product","link":"https:\/\/develop.eam-scientific.com\/tr\/produkt\/gecmeli-halka-kapatma-n11-pe-yumusak-acik-mavi-delik-sil-w-polyimide-or-1-0-flor-icermez\/","title":{"rendered":"Ge\u00e7meli halka kapatma, N11, PE (yumu\u015fak), a\u00e7\u0131k mavi, delik, Sil w.\/polyimide or., 1.0, flor i\u00e7ermez"},"content":{"rendered":"<p>Kapak PTFE yerine poliimid ile lamine edilmi\u015ftir (flor i\u00e7ermez), bu da onu florlu organik maddelerin analizi (PFAS analizi) i\u00e7in uygun hale getirir.<\/p>\n","protected":false},"excerpt":{"rendered":"<p>Kapak PTFE yerine poliimid ile lamine edilmi\u015ftir (flor i\u00e7ermez), bu da onu florlu organik maddelerin analizi (PFAS analizi) i\u00e7in uygun hale getirir.<\/p>\n","protected":false},"featured_media":8954,"comment_status":"open","ping_status":"closed","template":"","meta":[],"product_cat":[98,97,67,92],"product_tag":[],"class_list":{"0":"post-12677","1":"product","2":"type-product","3":"status-publish","4":"has-post-thumbnail","6":"product_cat-kapaklar-ve-septalar","7":"product_cat-kapanislar","8":"product_cat-kromatografi","9":"product_cat-vial-ve-kapaklar","11":"first","12":"instock","13":"shipping-taxable","14":"product-type-simple"},"_links":{"self":[{"href":"https:\/\/develop.eam-scientific.com\/tr\/wp-json\/wp\/v2\/product\/12677","targetHints":{"allow":["GET"]}}],"collection":[{"href":"https:\/\/develop.eam-scientific.com\/tr\/wp-json\/wp\/v2\/product"}],"about":[{"href":"https:\/\/develop.eam-scientific.com\/tr\/wp-json\/wp\/v2\/types\/product"}],"replies":[{"embeddable":true,"href":"https:\/\/develop.eam-scientific.com\/tr\/wp-json\/wp\/v2\/comments?post=12677"}],"wp:featuredmedia":[{"embeddable":true,"href":"https:\/\/develop.eam-scientific.com\/tr\/wp-json\/wp\/v2\/media\/8954"}],"wp:attachment":[{"href":"https:\/\/develop.eam-scientific.com\/tr\/wp-json\/wp\/v2\/media?parent=12677"}],"wp:term":[{"taxonomy":"product_cat","embeddable":true,"href":"https:\/\/develop.eam-scientific.com\/tr\/wp-json\/wp\/v2\/product_cat?post=12677"},{"taxonomy":"product_tag","embeddable":true,"href":"https:\/\/develop.eam-scientific.com\/tr\/wp-json\/wp\/v2\/product_tag?post=12677"}],"curies":[{"name":"wp","href":"https:\/\/api.w.org\/{rel}","templated":true}]}}