{"id":12679,"date":"2024-06-20T15:05:46","date_gmt":"2024-06-20T13:05:46","guid":{"rendered":"http:\/\/develop.eam-scientific.com\/produkt\/septa-n-19-dogal-kaucuk-tef-kirmizi-turuncu-renksiz-13-mm-45-shore-a\/"},"modified":"2024-06-20T15:05:46","modified_gmt":"2024-06-20T13:05:46","slug":"septa-n-19-dogal-kaucuk-tef-kirmizi-turuncu-renksiz-13-mm-45-shore-a","status":"publish","type":"product","link":"https:\/\/develop.eam-scientific.com\/tr\/produkt\/septa-n-19-dogal-kaucuk-tef-kirmizi-turuncu-renksiz-13-mm-45-shore-a\/","title":{"rendered":"Septa N 19, do\u011fal kau\u00e7uk\/TEF, k\u0131rm\u0131z\u0131-turuncu\/renksiz, 1,3 mm, 45\u00b0 shore A"},"content":{"rendered":"<p>N 19 septa, N 20 PE kapaklarda \u00f6zel kullan\u0131m i\u00e7indir (N 20 al\u00fcminyum k\u0131vr\u0131ml\u0131 kapaklar i\u00e7in uygun de\u011fildir).<\/p>\n","protected":false},"excerpt":{"rendered":"<p>N 19 septa, N 20 PE kapaklarda \u00f6zel kullan\u0131m i\u00e7indir (N 20 al\u00fcminyum k\u0131vr\u0131ml\u0131 kapaklar i\u00e7in uygun de\u011fildir).<\/p>\n","protected":false},"featured_media":8958,"comment_status":"open","ping_status":"closed","template":"","meta":[],"product_cat":[98,97,67,92],"product_tag":[],"class_list":{"0":"post-12679","1":"product","2":"type-product","3":"status-publish","4":"has-post-thumbnail","6":"product_cat-kapaklar-ve-septalar","7":"product_cat-kapanislar","8":"product_cat-kromatografi","9":"product_cat-vial-ve-kapaklar","11":"first","12":"instock","13":"shipping-taxable","14":"product-type-simple"},"_links":{"self":[{"href":"https:\/\/develop.eam-scientific.com\/tr\/wp-json\/wp\/v2\/product\/12679","targetHints":{"allow":["GET"]}}],"collection":[{"href":"https:\/\/develop.eam-scientific.com\/tr\/wp-json\/wp\/v2\/product"}],"about":[{"href":"https:\/\/develop.eam-scientific.com\/tr\/wp-json\/wp\/v2\/types\/product"}],"replies":[{"embeddable":true,"href":"https:\/\/develop.eam-scientific.com\/tr\/wp-json\/wp\/v2\/comments?post=12679"}],"wp:featuredmedia":[{"embeddable":true,"href":"https:\/\/develop.eam-scientific.com\/tr\/wp-json\/wp\/v2\/media\/8958"}],"wp:attachment":[{"href":"https:\/\/develop.eam-scientific.com\/tr\/wp-json\/wp\/v2\/media?parent=12679"}],"wp:term":[{"taxonomy":"product_cat","embeddable":true,"href":"https:\/\/develop.eam-scientific.com\/tr\/wp-json\/wp\/v2\/product_cat?post=12679"},{"taxonomy":"product_tag","embeddable":true,"href":"https:\/\/develop.eam-scientific.com\/tr\/wp-json\/wp\/v2\/product_tag?post=12679"}],"curies":[{"name":"wp","href":"https:\/\/api.w.org\/{rel}","templated":true}]}}