{"id":12682,"date":"2024-06-20T15:05:46","date_gmt":"2024-06-20T13:05:46","guid":{"rendered":"http:\/\/develop.eam-scientific.com\/produkt\/flare-kapak-n-11-manyetik-guemues-delikli-silikon-beyaz-ptfe-kirmizi-13-mm\/"},"modified":"2024-06-20T15:05:46","modified_gmt":"2024-06-20T13:05:46","slug":"flare-kapak-n-11-manyetik-guemues-delikli-silikon-beyaz-ptfe-kirmizi-13-mm","status":"publish","type":"product","link":"https:\/\/develop.eam-scientific.com\/tr\/produkt\/flare-kapak-n-11-manyetik-guemues-delikli-silikon-beyaz-ptfe-kirmizi-13-mm\/","title":{"rendered":"Flare kapak, N 11, manyetik, g\u00fcm\u00fc\u015f, delikli, silikon beyaz\/PTFE k\u0131rm\u0131z\u0131, 1,3 mm"},"content":{"rendered":"<p>CTC Combi PAL ve benzeri cihazlar gibi \u00f6rnek \u015fi\u015felerini m\u0131knat\u0131s kullanarak ta\u015f\u0131yan otomatik \u00f6rnekleyiciler i\u00e7in y\u00fcksek safl\u0131kta silikon\/PTFE septumlu manyetik k\u0131vr\u0131ml\u0131 kapak. Bu kapaklar\u0131n k\u0131vr\u0131lmas\u0131 al\u00fcminyum k\u0131vr\u0131ml\u0131 kapaklara g\u00f6re daha zor oldu\u011fundan, N 9 manyetik vidal\u0131 kapaklar da s\u0131kl\u0131kla kullan\u0131l\u0131r.<\/p>\n","protected":false},"excerpt":{"rendered":"<p>CTC Combi PAL ve benzeri cihazlar gibi \u00f6rnek \u015fi\u015felerini m\u0131knat\u0131s kullanarak ta\u015f\u0131yan otomatik \u00f6rnekleyiciler i\u00e7in y\u00fcksek safl\u0131kta silikon\/PTFE septumlu manyetik k\u0131vr\u0131ml\u0131 kapak. Bu kapaklar\u0131n k\u0131vr\u0131lmas\u0131 al\u00fcminyum k\u0131vr\u0131ml\u0131 kapaklara g\u00f6re daha zor oldu\u011fundan, N 9 manyetik vidal\u0131 kapaklar da s\u0131kl\u0131kla kullan\u0131l\u0131r.<\/p>\n","protected":false},"featured_media":8952,"comment_status":"open","ping_status":"closed","template":"","meta":[],"product_cat":[98,97,67,92],"product_tag":[],"class_list":{"0":"post-12682","1":"product","2":"type-product","3":"status-publish","4":"has-post-thumbnail","6":"product_cat-kapaklar-ve-septalar","7":"product_cat-kapanislar","8":"product_cat-kromatografi","9":"product_cat-vial-ve-kapaklar","11":"first","12":"instock","13":"shipping-taxable","14":"product-type-simple"},"_links":{"self":[{"href":"https:\/\/develop.eam-scientific.com\/tr\/wp-json\/wp\/v2\/product\/12682","targetHints":{"allow":["GET"]}}],"collection":[{"href":"https:\/\/develop.eam-scientific.com\/tr\/wp-json\/wp\/v2\/product"}],"about":[{"href":"https:\/\/develop.eam-scientific.com\/tr\/wp-json\/wp\/v2\/types\/product"}],"replies":[{"embeddable":true,"href":"https:\/\/develop.eam-scientific.com\/tr\/wp-json\/wp\/v2\/comments?post=12682"}],"wp:featuredmedia":[{"embeddable":true,"href":"https:\/\/develop.eam-scientific.com\/tr\/wp-json\/wp\/v2\/media\/8952"}],"wp:attachment":[{"href":"https:\/\/develop.eam-scientific.com\/tr\/wp-json\/wp\/v2\/media?parent=12682"}],"wp:term":[{"taxonomy":"product_cat","embeddable":true,"href":"https:\/\/develop.eam-scientific.com\/tr\/wp-json\/wp\/v2\/product_cat?post=12682"},{"taxonomy":"product_tag","embeddable":true,"href":"https:\/\/develop.eam-scientific.com\/tr\/wp-json\/wp\/v2\/product_tag?post=12682"}],"curies":[{"name":"wp","href":"https:\/\/api.w.org\/{rel}","templated":true}]}}