{"id":12685,"date":"2024-06-20T15:05:46","date_gmt":"2024-06-20T13:05:46","guid":{"rendered":"http:\/\/develop.eam-scientific.com\/produkt\/flare-kapak-n-13-alueminyum-altin-ortasi-yirtilabilir-septumsuz\/"},"modified":"2024-06-20T15:05:46","modified_gmt":"2024-06-20T13:05:46","slug":"flare-kapak-n-13-alueminyum-altin-ortasi-yirtilabilir-septumsuz","status":"publish","type":"product","link":"https:\/\/develop.eam-scientific.com\/tr\/produkt\/flare-kapak-n-13-alueminyum-altin-ortasi-yirtilabilir-septumsuz\/","title":{"rendered":"Flare kapak, N 13, al\u00fcminyum, alt\u0131n, ortas\u0131 y\u0131rt\u0131labilir, septumsuz"},"content":{"rendered":"<p>13 mm geni\u015fletilmi\u015f kapaklar delikli kapaklarla veya ortas\u0131 y\u0131rt\u0131lm\u0131\u015f kurcalanmaya kar\u015f\u0131 korumal\u0131 kapaklar olarak mevcuttur.<\/p>\n","protected":false},"excerpt":{"rendered":"<p>13 mm geni\u015fletilmi\u015f kapaklar delikli kapaklarla veya ortas\u0131 y\u0131rt\u0131lm\u0131\u015f kurcalanmaya kar\u015f\u0131 korumal\u0131 kapaklar olarak mevcuttur.<\/p>\n","protected":false},"featured_media":8950,"comment_status":"open","ping_status":"closed","template":"","meta":[],"product_cat":[98,97,67,92],"product_tag":[],"class_list":{"0":"post-12685","1":"product","2":"type-product","3":"status-publish","4":"has-post-thumbnail","6":"product_cat-kapaklar-ve-septalar","7":"product_cat-kapanislar","8":"product_cat-kromatografi","9":"product_cat-vial-ve-kapaklar","11":"first","12":"instock","13":"shipping-taxable","14":"product-type-simple"},"_links":{"self":[{"href":"https:\/\/develop.eam-scientific.com\/tr\/wp-json\/wp\/v2\/product\/12685","targetHints":{"allow":["GET"]}}],"collection":[{"href":"https:\/\/develop.eam-scientific.com\/tr\/wp-json\/wp\/v2\/product"}],"about":[{"href":"https:\/\/develop.eam-scientific.com\/tr\/wp-json\/wp\/v2\/types\/product"}],"replies":[{"embeddable":true,"href":"https:\/\/develop.eam-scientific.com\/tr\/wp-json\/wp\/v2\/comments?post=12685"}],"wp:featuredmedia":[{"embeddable":true,"href":"https:\/\/develop.eam-scientific.com\/tr\/wp-json\/wp\/v2\/media\/8950"}],"wp:attachment":[{"href":"https:\/\/develop.eam-scientific.com\/tr\/wp-json\/wp\/v2\/media?parent=12685"}],"wp:term":[{"taxonomy":"product_cat","embeddable":true,"href":"https:\/\/develop.eam-scientific.com\/tr\/wp-json\/wp\/v2\/product_cat?post=12685"},{"taxonomy":"product_tag","embeddable":true,"href":"https:\/\/develop.eam-scientific.com\/tr\/wp-json\/wp\/v2\/product_tag?post=12685"}],"curies":[{"name":"wp","href":"https:\/\/api.w.org\/{rel}","templated":true}]}}