{"id":12711,"date":"2024-06-20T15:05:28","date_gmt":"2024-06-20T13:05:28","guid":{"rendered":"http:\/\/develop.eam-scientific.com\/produkt\/bimetal-kapak-n-20-mavi-guemues-delikli-sil-beyaz-poliimid-turuncu-30-mm\/"},"modified":"2024-06-20T15:05:28","modified_gmt":"2024-06-20T13:05:28","slug":"bimetal-kapak-n-20-mavi-guemues-delikli-sil-beyaz-poliimid-turuncu-30-mm","status":"publish","type":"product","link":"https:\/\/develop.eam-scientific.com\/tr\/produkt\/bimetal-kapak-n-20-mavi-guemues-delikli-sil-beyaz-poliimid-turuncu-30-mm\/","title":{"rendered":"Bimetal kapak, N 20, mavi\/g\u00fcm\u00fc\u015f, delikli, sil. beyaz\/poliimid turuncu, 3,0 mm"},"content":{"rendered":"<p>Bimetal k\u0131vr\u0131ml\u0131 kapaklar, \u015fi\u015fenin \u00f6rne\u011fin CTC Combi PAL, Shimadzu AOC 5000\/6000 veya Gerstel otomatik \u00f6rnekleyicide m\u0131knat\u0131slar kullan\u0131larak ta\u015f\u0131nmas\u0131n\u0131 sa\u011flar. Bu kapa\u011f\u0131n septumu PTFE yerine poliimid ile lamine edilmi\u015ftir (flor i\u00e7ermez), bu da onu florlu organik maddelerin analizi (PFAS analizi) i\u00e7in uygun hale getirir. Septa tak\u0131l\u0131r ve kapaklar kullan\u0131ma haz\u0131r hale gelir. A\u00e7\u0131klay\u0131c\u0131 olmas\u0131 amac\u0131yla, septa alt taraf\u0131 yukar\u0131 bakacak \u015fekilde g\u00f6sterilmi\u015ftir.<\/p>\n","protected":false},"excerpt":{"rendered":"<p>Bimetal k\u0131vr\u0131ml\u0131 kapaklar, \u015fi\u015fenin \u00f6rne\u011fin CTC Combi PAL, Shimadzu AOC 5000\/6000 veya Gerstel otomatik \u00f6rnekleyicide m\u0131knat\u0131slar kullan\u0131larak ta\u015f\u0131nmas\u0131n\u0131 sa\u011flar. Bu kapa\u011f\u0131n septumu PTFE yerine poliimid ile lamine edilmi\u015ftir (flor i\u00e7ermez), bu da onu florlu organik maddelerin analizi (PFAS analizi) i\u00e7in uygun hale getirir. Septa tak\u0131l\u0131r ve kapaklar kullan\u0131ma haz\u0131r hale gelir. A\u00e7\u0131klay\u0131c\u0131 olmas\u0131 amac\u0131yla, septa [&hellip;]<\/p>\n","protected":false},"featured_media":8922,"comment_status":"open","ping_status":"closed","template":"","meta":[],"product_cat":[98,97,67,92],"product_tag":[],"class_list":{"0":"post-12711","1":"product","2":"type-product","3":"status-publish","4":"has-post-thumbnail","6":"product_cat-kapaklar-ve-septalar","7":"product_cat-kapanislar","8":"product_cat-kromatografi","9":"product_cat-vial-ve-kapaklar","11":"first","12":"instock","13":"shipping-taxable","14":"product-type-simple"},"_links":{"self":[{"href":"https:\/\/develop.eam-scientific.com\/tr\/wp-json\/wp\/v2\/product\/12711","targetHints":{"allow":["GET"]}}],"collection":[{"href":"https:\/\/develop.eam-scientific.com\/tr\/wp-json\/wp\/v2\/product"}],"about":[{"href":"https:\/\/develop.eam-scientific.com\/tr\/wp-json\/wp\/v2\/types\/product"}],"replies":[{"embeddable":true,"href":"https:\/\/develop.eam-scientific.com\/tr\/wp-json\/wp\/v2\/comments?post=12711"}],"wp:featuredmedia":[{"embeddable":true,"href":"https:\/\/develop.eam-scientific.com\/tr\/wp-json\/wp\/v2\/media\/8922"}],"wp:attachment":[{"href":"https:\/\/develop.eam-scientific.com\/tr\/wp-json\/wp\/v2\/media?parent=12711"}],"wp:term":[{"taxonomy":"product_cat","embeddable":true,"href":"https:\/\/develop.eam-scientific.com\/tr\/wp-json\/wp\/v2\/product_cat?post=12711"},{"taxonomy":"product_tag","embeddable":true,"href":"https:\/\/develop.eam-scientific.com\/tr\/wp-json\/wp\/v2\/product_tag?post=12711"}],"curies":[{"name":"wp","href":"https:\/\/api.w.org\/{rel}","templated":true}]}}