{"id":12713,"date":"2024-06-20T15:05:28","date_gmt":"2024-06-20T13:05:28","guid":{"rendered":"http:\/\/develop.eam-scientific.com\/produkt\/vidali-kapak-bagli-n-24-pp-w-delik-kapak-sil-nat-ptfe-renksiz-32mm\/"},"modified":"2024-06-20T15:05:28","modified_gmt":"2024-06-20T13:05:28","slug":"vidali-kapak-bagli-n-24-pp-w-delik-kapak-sil-nat-ptfe-renksiz-32mm","status":"publish","type":"product","link":"https:\/\/develop.eam-scientific.com\/tr\/produkt\/vidali-kapak-bagli-n-24-pp-w-delik-kapak-sil-nat-ptfe-renksiz-32mm\/","title":{"rendered":"Vidal\u0131 kapak (ba\u011fl\u0131), N 24, PP, w., delik, kapak, Sil. Nat.\/PTFE renksiz, 3,2mm"},"content":{"rendered":"<p>\u00c7\u0131kar\u0131labilir koruyucu kapakl\u0131, yap\u0131\u015ft\u0131r\u0131lm\u0131\u015f vidal\u0131 kapak N 24. TOC\/VOC analizlerinin (EPA) yan\u0131 s\u0131ra numunelerin depolanmas\u0131 ve ta\u015f\u0131nmas\u0131 i\u00e7in uygundur.<\/p>\n","protected":false},"excerpt":{"rendered":"<p>\u00c7\u0131kar\u0131labilir koruyucu kapakl\u0131, yap\u0131\u015ft\u0131r\u0131lm\u0131\u015f vidal\u0131 kapak N 24. TOC\/VOC analizlerinin (EPA) yan\u0131 s\u0131ra numunelerin depolanmas\u0131 ve ta\u015f\u0131nmas\u0131 i\u00e7in uygundur.<\/p>\n","protected":false},"featured_media":8926,"comment_status":"open","ping_status":"closed","template":"","meta":[],"product_cat":[98,97,67,92],"product_tag":[],"class_list":{"0":"post-12713","1":"product","2":"type-product","3":"status-publish","4":"has-post-thumbnail","6":"product_cat-kapaklar-ve-septalar","7":"product_cat-kapanislar","8":"product_cat-kromatografi","9":"product_cat-vial-ve-kapaklar","11":"first","12":"instock","13":"shipping-taxable","14":"product-type-simple"},"_links":{"self":[{"href":"https:\/\/develop.eam-scientific.com\/tr\/wp-json\/wp\/v2\/product\/12713","targetHints":{"allow":["GET"]}}],"collection":[{"href":"https:\/\/develop.eam-scientific.com\/tr\/wp-json\/wp\/v2\/product"}],"about":[{"href":"https:\/\/develop.eam-scientific.com\/tr\/wp-json\/wp\/v2\/types\/product"}],"replies":[{"embeddable":true,"href":"https:\/\/develop.eam-scientific.com\/tr\/wp-json\/wp\/v2\/comments?post=12713"}],"wp:featuredmedia":[{"embeddable":true,"href":"https:\/\/develop.eam-scientific.com\/tr\/wp-json\/wp\/v2\/media\/8926"}],"wp:attachment":[{"href":"https:\/\/develop.eam-scientific.com\/tr\/wp-json\/wp\/v2\/media?parent=12713"}],"wp:term":[{"taxonomy":"product_cat","embeddable":true,"href":"https:\/\/develop.eam-scientific.com\/tr\/wp-json\/wp\/v2\/product_cat?post=12713"},{"taxonomy":"product_tag","embeddable":true,"href":"https:\/\/develop.eam-scientific.com\/tr\/wp-json\/wp\/v2\/product_tag?post=12713"}],"curies":[{"name":"wp","href":"https:\/\/api.w.org\/{rel}","templated":true}]}}