{"id":12715,"date":"2024-06-20T15:05:28","date_gmt":"2024-06-20T13:05:28","guid":{"rendered":"http:\/\/develop.eam-scientific.com\/produkt\/bimetal-kapak-n-20-mavi-guemues-delik-sil-mavi-tr-ptfe-pharma-fix-3mm\/"},"modified":"2024-06-20T15:05:28","modified_gmt":"2024-06-20T13:05:28","slug":"bimetal-kapak-n-20-mavi-guemues-delik-sil-mavi-tr-ptfe-pharma-fix-3mm","status":"publish","type":"product","link":"https:\/\/develop.eam-scientific.com\/tr\/produkt\/bimetal-kapak-n-20-mavi-guemues-delik-sil-mavi-tr-ptfe-pharma-fix-3mm\/","title":{"rendered":"Bimetal kapak N 20, mavi\/g\u00fcm\u00fc\u015f, delik, Sil. mavi tr.\/PTFE (Pharma-Fix), 3mm"},"content":{"rendered":"<p>Bimetal k\u0131vr\u0131ml\u0131 kapaklar, \u015fi\u015fenin \u00f6rne\u011fin CTC Combi PAL, Shimadzu AOC 5000\/6000 veya Gerstel otomatik \u00f6rnekleyicide m\u0131knat\u0131slar kullan\u0131larak ta\u015f\u0131nmas\u0131n\u0131 sa\u011flar. Genellikle k\u0131vr\u0131lmalar\u0131\/a\u00e7\u0131lmalar\u0131 daha zordur, bu nedenle N 18 tepe bo\u015flu\u011fu di\u015fli \u015fi\u015feler daha uygun bir alternatif olabilir. 60\u00b0C ila 200\u00b0C aras\u0131nda s\u0131cakl\u0131k kararl\u0131l\u0131\u011f\u0131, maksimum analitik safl\u0131k ve m\u00fckemmel penetrasyon \u00f6zellikleri sunduklar\u0131 i\u00e7in silikon\/PTFE septalar\u0131 headspace uygulamalar\u0131 i\u00e7in en uygun se\u00e7im olarak \u00f6neriyoruz. Y\u00fcksek safl\u0131kta silikon\/PTFE kal\u0131planm\u0131\u015f diske sahip bu kapaklar, numune ile temas alan\u0131nda sadece PTFE ile lamine edilmi\u015ftir. Bu \u015fekilde, elastomerik silikon \u015fi\u015fenin cam kenarlar\u0131nda \u00f6zellikle iyi bir s\u0131zd\u0131rmazl\u0131k sa\u011flayabilirken, tamamen PTFE lamine septa cam \u00fczerinde \u00e7ok kaygan bir y\u00fczeye sahiptir ve bu nedenle kolayca d\u00f6nd\u00fcr\u00fclebilir. Septa tak\u0131l\u0131r ve kapaklar kullan\u0131ma haz\u0131r hale gelir. A\u00e7\u0131klay\u0131c\u0131 olmas\u0131 amac\u0131yla, septa alt taraf\u0131 yukar\u0131 bakacak \u015fekilde g\u00f6sterilmi\u015ftir.<\/p>\n","protected":false},"excerpt":{"rendered":"<p>Bimetal k\u0131vr\u0131ml\u0131 kapaklar, \u015fi\u015fenin \u00f6rne\u011fin CTC Combi PAL, Shimadzu AOC 5000\/6000 veya Gerstel otomatik \u00f6rnekleyicide m\u0131knat\u0131slar kullan\u0131larak ta\u015f\u0131nmas\u0131n\u0131 sa\u011flar. Genellikle k\u0131vr\u0131lmalar\u0131\/a\u00e7\u0131lmalar\u0131 daha zordur, bu nedenle N 18 tepe bo\u015flu\u011fu di\u015fli \u015fi\u015feler daha uygun bir alternatif olabilir. 60\u00b0C ila 200\u00b0C aras\u0131nda s\u0131cakl\u0131k kararl\u0131l\u0131\u011f\u0131, maksimum analitik safl\u0131k ve m\u00fckemmel penetrasyon \u00f6zellikleri sunduklar\u0131 i\u00e7in silikon\/PTFE septalar\u0131 headspace uygulamalar\u0131 [&hellip;]<\/p>\n","protected":false},"featured_media":8920,"comment_status":"open","ping_status":"closed","template":"","meta":[],"product_cat":[98,97,67,92],"product_tag":[],"class_list":{"0":"post-12715","1":"product","2":"type-product","3":"status-publish","4":"has-post-thumbnail","6":"product_cat-kapaklar-ve-septalar","7":"product_cat-kapanislar","8":"product_cat-kromatografi","9":"product_cat-vial-ve-kapaklar","11":"first","12":"instock","13":"shipping-taxable","14":"product-type-simple"},"_links":{"self":[{"href":"https:\/\/develop.eam-scientific.com\/tr\/wp-json\/wp\/v2\/product\/12715","targetHints":{"allow":["GET"]}}],"collection":[{"href":"https:\/\/develop.eam-scientific.com\/tr\/wp-json\/wp\/v2\/product"}],"about":[{"href":"https:\/\/develop.eam-scientific.com\/tr\/wp-json\/wp\/v2\/types\/product"}],"replies":[{"embeddable":true,"href":"https:\/\/develop.eam-scientific.com\/tr\/wp-json\/wp\/v2\/comments?post=12715"}],"wp:featuredmedia":[{"embeddable":true,"href":"https:\/\/develop.eam-scientific.com\/tr\/wp-json\/wp\/v2\/media\/8920"}],"wp:attachment":[{"href":"https:\/\/develop.eam-scientific.com\/tr\/wp-json\/wp\/v2\/media?parent=12715"}],"wp:term":[{"taxonomy":"product_cat","embeddable":true,"href":"https:\/\/develop.eam-scientific.com\/tr\/wp-json\/wp\/v2\/product_cat?post=12715"},{"taxonomy":"product_tag","embeddable":true,"href":"https:\/\/develop.eam-scientific.com\/tr\/wp-json\/wp\/v2\/product_tag?post=12715"}],"curies":[{"name":"wp","href":"https:\/\/api.w.org\/{rel}","templated":true}]}}