{"id":12721,"date":"2024-06-20T15:05:28","date_gmt":"2024-06-20T13:05:28","guid":{"rendered":"http:\/\/develop.eam-scientific.com\/produkt\/septa-n-20-buetil-ptfe-acik-gri-koyu-gri-30-mm-50-shore-a\/"},"modified":"2024-06-20T15:05:28","modified_gmt":"2024-06-20T13:05:28","slug":"septa-n-20-buetil-ptfe-acik-gri-koyu-gri-30-mm-50-shore-a","status":"publish","type":"product","link":"https:\/\/develop.eam-scientific.com\/tr\/produkt\/septa-n-20-buetil-ptfe-acik-gri-koyu-gri-30-mm-50-shore-a\/","title":{"rendered":"Septa N 20, b\u00fctil\/PTFE, a\u00e7\u0131k gri\/koyu gri, 3,0 mm, 50\u00b0 shore A"},"content":{"rendered":"<p>&nbsp;Kirlenme riski ve olas\u0131 yanl\u0131\u015f yan y\u00f6nlendirme nedeniyle manuel montaj \u00f6nerilmedi\u011finden, t\u00fcm kapak tipleri ve boyutlar\u0131 i\u00e7in yedek septa sunulmamaktad\u0131r. Bununla birlikte, en yayg\u0131n boyutlar ve septum malzemeleri i\u00e7in bunlar\u0131 ilgili bo\u015f kapaklarla birlikte sunuyoruz. Butil\/PTFE septum -40 \u00b0C&#8217;den 120 \u00b0C&#8217;ye kadar s\u0131cakl\u0131k direncine ve orta analitik safl\u0131\u011fa sahiptir.<\/p>\n","protected":false},"excerpt":{"rendered":"<p>&nbsp;Kirlenme riski ve olas\u0131 yanl\u0131\u015f yan y\u00f6nlendirme nedeniyle manuel montaj \u00f6nerilmedi\u011finden, t\u00fcm kapak tipleri ve boyutlar\u0131 i\u00e7in yedek septa sunulmamaktad\u0131r. Bununla birlikte, en yayg\u0131n boyutlar ve septum malzemeleri i\u00e7in bunlar\u0131 ilgili bo\u015f kapaklarla birlikte sunuyoruz. Butil\/PTFE septum -40 \u00b0C&#8217;den 120 \u00b0C&#8217;ye kadar s\u0131cakl\u0131k direncine ve orta analitik safl\u0131\u011fa sahiptir.<\/p>\n","protected":false},"featured_media":8912,"comment_status":"open","ping_status":"closed","template":"","meta":[],"product_cat":[98,97,67,92],"product_tag":[],"class_list":{"0":"post-12721","1":"product","2":"type-product","3":"status-publish","4":"has-post-thumbnail","6":"product_cat-kapaklar-ve-septalar","7":"product_cat-kapanislar","8":"product_cat-kromatografi","9":"product_cat-vial-ve-kapaklar","11":"first","12":"instock","13":"shipping-taxable","14":"product-type-simple"},"_links":{"self":[{"href":"https:\/\/develop.eam-scientific.com\/tr\/wp-json\/wp\/v2\/product\/12721","targetHints":{"allow":["GET"]}}],"collection":[{"href":"https:\/\/develop.eam-scientific.com\/tr\/wp-json\/wp\/v2\/product"}],"about":[{"href":"https:\/\/develop.eam-scientific.com\/tr\/wp-json\/wp\/v2\/types\/product"}],"replies":[{"embeddable":true,"href":"https:\/\/develop.eam-scientific.com\/tr\/wp-json\/wp\/v2\/comments?post=12721"}],"wp:featuredmedia":[{"embeddable":true,"href":"https:\/\/develop.eam-scientific.com\/tr\/wp-json\/wp\/v2\/media\/8912"}],"wp:attachment":[{"href":"https:\/\/develop.eam-scientific.com\/tr\/wp-json\/wp\/v2\/media?parent=12721"}],"wp:term":[{"taxonomy":"product_cat","embeddable":true,"href":"https:\/\/develop.eam-scientific.com\/tr\/wp-json\/wp\/v2\/product_cat?post=12721"},{"taxonomy":"product_tag","embeddable":true,"href":"https:\/\/develop.eam-scientific.com\/tr\/wp-json\/wp\/v2\/product_tag?post=12721"}],"curies":[{"name":"wp","href":"https:\/\/api.w.org\/{rel}","templated":true}]}}