{"id":12725,"date":"2024-06-20T15:05:08","date_gmt":"2024-06-20T13:05:08","guid":{"rendered":"http:\/\/develop.eam-scientific.com\/produkt\/gecmeli-halka-kapatma-n-11-pe-sert-tr-delik-ptfe-kirmizi-sil-w-ptfe-kirmizi-1-0mm\/"},"modified":"2024-06-28T10:14:41","modified_gmt":"2024-06-28T08:14:41","slug":"gecmeli-halka-kapatma-n-11-pe-sert-tr-delik-ptfe-kirmizi-sil-w-ptfe-kirmizi-1-0mm","status":"publish","type":"product","link":"https:\/\/develop.eam-scientific.com\/tr\/produkt\/gecmeli-halka-kapatma-n-11-pe-sert-tr-delik-ptfe-kirmizi-sil-w-ptfe-kirmizi-1-0mm\/","title":{"rendered":"Ge\u00e7meli halka kapatma, N 11, PE (yumu\u015fak), a\u00e7\u0131k renkli, delikli, PTFE k\u0131rm\u0131z\u0131\/Sil,w.\/PTFE k\u0131rm\u0131z\u0131, 1mm"},"content":{"rendered":"<p>Daha kolay kullan\u0131m i\u00e7in yumu\u015fak segman kapaklar\u0131; daha iyi s\u0131zd\u0131rmazl\u0131k i\u00e7in sert. D\u00fc\u015f\u00fck partik\u00fcl olu\u015fumu i\u00e7in her iki tarafta PTFE lamine septa.<\/p>\n","protected":false},"excerpt":{"rendered":"<p>Daha kolay kullan\u0131m i\u00e7in yumu\u015fak segman kapaklar\u0131; daha iyi s\u0131zd\u0131rmazl\u0131k i\u00e7in sert. D\u00fc\u015f\u00fck partik\u00fcl olu\u015fumu i\u00e7in her iki tarafta PTFE lamine septa.<\/p>\n","protected":false},"featured_media":15725,"comment_status":"open","ping_status":"closed","template":"","meta":[],"product_cat":[98,97,67,92],"product_tag":[],"class_list":{"0":"post-12725","1":"product","2":"type-product","3":"status-publish","4":"has-post-thumbnail","6":"product_cat-kapaklar-ve-septalar","7":"product_cat-kapanislar","8":"product_cat-kromatografi","9":"product_cat-vial-ve-kapaklar","11":"first","12":"instock","13":"shipping-taxable","14":"product-type-simple"},"_links":{"self":[{"href":"https:\/\/develop.eam-scientific.com\/tr\/wp-json\/wp\/v2\/product\/12725","targetHints":{"allow":["GET"]}}],"collection":[{"href":"https:\/\/develop.eam-scientific.com\/tr\/wp-json\/wp\/v2\/product"}],"about":[{"href":"https:\/\/develop.eam-scientific.com\/tr\/wp-json\/wp\/v2\/types\/product"}],"replies":[{"embeddable":true,"href":"https:\/\/develop.eam-scientific.com\/tr\/wp-json\/wp\/v2\/comments?post=12725"}],"wp:featuredmedia":[{"embeddable":true,"href":"https:\/\/develop.eam-scientific.com\/tr\/wp-json\/wp\/v2\/media\/15725"}],"wp:attachment":[{"href":"https:\/\/develop.eam-scientific.com\/tr\/wp-json\/wp\/v2\/media?parent=12725"}],"wp:term":[{"taxonomy":"product_cat","embeddable":true,"href":"https:\/\/develop.eam-scientific.com\/tr\/wp-json\/wp\/v2\/product_cat?post=12725"},{"taxonomy":"product_tag","embeddable":true,"href":"https:\/\/develop.eam-scientific.com\/tr\/wp-json\/wp\/v2\/product_tag?post=12725"}],"curies":[{"name":"wp","href":"https:\/\/api.w.org\/{rel}","templated":true}]}}