{"id":12728,"date":"2024-06-20T15:05:08","date_gmt":"2024-06-20T13:05:08","guid":{"rendered":"http:\/\/develop.eam-scientific.com\/produkt\/pe-kapak-n-20-kesilmis-hs-rr-delik-butil-b-ptfe-gri-13-mm-monte-edilmemis\/"},"modified":"2024-06-20T15:05:08","modified_gmt":"2024-06-20T13:05:08","slug":"pe-kapak-n-20-kesilmis-hs-rr-delik-butil-b-ptfe-gri-13-mm-monte-edilmemis","status":"publish","type":"product","link":"https:\/\/develop.eam-scientific.com\/tr\/produkt\/pe-kapak-n-20-kesilmis-hs-rr-delik-butil-b-ptfe-gri-13-mm-monte-edilmemis\/","title":{"rendered":"PE kapak N 20, kesilmi\u015f HS RR, delik, butil b,\/PTFE gri, 1,3 mm, monte edilmemi\u015f"},"content":{"rendered":"<p>PE kapak, N 20 numune t\u00fcpleri i\u00e7in, e\u011fimli HS haddelenmi\u015f a\u011f\u0131zl\u0131, polietilen, \u015feffaf, delikli, butil\/PTFE, bej\/gri, 1,3 mm, 55\u00b0 Shore A, monte edilmemi\u015f<\/p>\n","protected":false},"excerpt":{"rendered":"<p>PE kapak, N 20 numune t\u00fcpleri i\u00e7in, e\u011fimli HS haddelenmi\u015f a\u011f\u0131zl\u0131, polietilen, \u015feffaf, delikli, butil\/PTFE, bej\/gri, 1,3 mm, 55\u00b0 Shore A, monte edilmemi\u015f<\/p>\n","protected":false},"featured_media":8904,"comment_status":"open","ping_status":"closed","template":"","meta":[],"product_cat":[98,97,67,92],"product_tag":[],"class_list":{"0":"post-12728","1":"product","2":"type-product","3":"status-publish","4":"has-post-thumbnail","6":"product_cat-kapaklar-ve-septalar","7":"product_cat-kapanislar","8":"product_cat-kromatografi","9":"product_cat-vial-ve-kapaklar","11":"first","12":"instock","13":"shipping-taxable","14":"product-type-simple"},"_links":{"self":[{"href":"https:\/\/develop.eam-scientific.com\/tr\/wp-json\/wp\/v2\/product\/12728","targetHints":{"allow":["GET"]}}],"collection":[{"href":"https:\/\/develop.eam-scientific.com\/tr\/wp-json\/wp\/v2\/product"}],"about":[{"href":"https:\/\/develop.eam-scientific.com\/tr\/wp-json\/wp\/v2\/types\/product"}],"replies":[{"embeddable":true,"href":"https:\/\/develop.eam-scientific.com\/tr\/wp-json\/wp\/v2\/comments?post=12728"}],"wp:featuredmedia":[{"embeddable":true,"href":"https:\/\/develop.eam-scientific.com\/tr\/wp-json\/wp\/v2\/media\/8904"}],"wp:attachment":[{"href":"https:\/\/develop.eam-scientific.com\/tr\/wp-json\/wp\/v2\/media?parent=12728"}],"wp:term":[{"taxonomy":"product_cat","embeddable":true,"href":"https:\/\/develop.eam-scientific.com\/tr\/wp-json\/wp\/v2\/product_cat?post=12728"},{"taxonomy":"product_tag","embeddable":true,"href":"https:\/\/develop.eam-scientific.com\/tr\/wp-json\/wp\/v2\/product_tag?post=12728"}],"curies":[{"name":"wp","href":"https:\/\/api.w.org\/{rel}","templated":true}]}}