{"id":12730,"date":"2024-06-20T15:05:08","date_gmt":"2024-06-20T13:05:08","guid":{"rendered":"http:\/\/develop.eam-scientific.com\/produkt\/gecmeli-halka-kapatma-n11-pe-sert-kirmizi-delik-sil-w-ptfe-mavi-capraz-kapali-10mm\/"},"modified":"2024-06-20T15:05:08","modified_gmt":"2024-06-20T13:05:08","slug":"gecmeli-halka-kapatma-n11-pe-sert-kirmizi-delik-sil-w-ptfe-mavi-capraz-kapali-10mm","status":"publish","type":"product","link":"https:\/\/develop.eam-scientific.com\/tr\/produkt\/gecmeli-halka-kapatma-n11-pe-sert-kirmizi-delik-sil-w-ptfe-mavi-capraz-kapali-10mm\/","title":{"rendered":"Ge\u00e7meli halka kapatma, N11, PE (sert), k\u0131rm\u0131z\u0131, delik, Sil.w.\/PTFE mavi, \u00e7apraz kapal\u0131, 1,0mm"},"content":{"rendered":"<p>Daha iyi s\u0131k\u0131l\u0131k i\u00e7in sert segman kapaklar\u0131; daha kolay kullan\u0131m i\u00e7in yumu\u015fak. \u00c7apraz yar\u0131kl\u0131 septum sayesinde kal\u0131n\/k\u00f6r HPLC i\u011fneleri i\u00e7in \u00f6zellikle uygundur.<\/p>\n","protected":false},"excerpt":{"rendered":"<p>Daha iyi s\u0131k\u0131l\u0131k i\u00e7in sert segman kapaklar\u0131; daha kolay kullan\u0131m i\u00e7in yumu\u015fak. \u00c7apraz yar\u0131kl\u0131 septum sayesinde kal\u0131n\/k\u00f6r HPLC i\u011fneleri i\u00e7in \u00f6zellikle uygundur.<\/p>\n","protected":false},"featured_media":8908,"comment_status":"open","ping_status":"closed","template":"","meta":[],"product_cat":[98,97,67,92],"product_tag":[],"class_list":{"0":"post-12730","1":"product","2":"type-product","3":"status-publish","4":"has-post-thumbnail","6":"product_cat-kapaklar-ve-septalar","7":"product_cat-kapanislar","8":"product_cat-kromatografi","9":"product_cat-vial-ve-kapaklar","11":"first","12":"instock","13":"shipping-taxable","14":"product-type-simple"},"_links":{"self":[{"href":"https:\/\/develop.eam-scientific.com\/tr\/wp-json\/wp\/v2\/product\/12730","targetHints":{"allow":["GET"]}}],"collection":[{"href":"https:\/\/develop.eam-scientific.com\/tr\/wp-json\/wp\/v2\/product"}],"about":[{"href":"https:\/\/develop.eam-scientific.com\/tr\/wp-json\/wp\/v2\/types\/product"}],"replies":[{"embeddable":true,"href":"https:\/\/develop.eam-scientific.com\/tr\/wp-json\/wp\/v2\/comments?post=12730"}],"wp:featuredmedia":[{"embeddable":true,"href":"https:\/\/develop.eam-scientific.com\/tr\/wp-json\/wp\/v2\/media\/8908"}],"wp:attachment":[{"href":"https:\/\/develop.eam-scientific.com\/tr\/wp-json\/wp\/v2\/media?parent=12730"}],"wp:term":[{"taxonomy":"product_cat","embeddable":true,"href":"https:\/\/develop.eam-scientific.com\/tr\/wp-json\/wp\/v2\/product_cat?post=12730"},{"taxonomy":"product_tag","embeddable":true,"href":"https:\/\/develop.eam-scientific.com\/tr\/wp-json\/wp\/v2\/product_tag?post=12730"}],"curies":[{"name":"wp","href":"https:\/\/api.w.org\/{rel}","templated":true}]}}