{"id":12746,"date":"2024-06-20T15:05:08","date_gmt":"2024-06-20T13:05:08","guid":{"rendered":"http:\/\/develop.eam-scientific.com\/produkt\/flare-kapak-n-8-alueminyum-delikli-septumsuz\/"},"modified":"2024-06-20T15:05:08","modified_gmt":"2024-06-20T13:05:08","slug":"flare-kapak-n-8-alueminyum-delikli-septumsuz","status":"publish","type":"product","link":"https:\/\/develop.eam-scientific.com\/tr\/produkt\/flare-kapak-n-8-alueminyum-delikli-septumsuz\/","title":{"rendered":"Flare kapak, N 8, al\u00fcminyum, delikli, septumsuz"},"content":{"rendered":"<p>N 8 al\u00fcminyum geni\u015fletilmi\u015f kapaklar \u00e7ok \u00e7e\u015fitli septum malzemeleriyle birlikte temin edilebilir. K\u0131rm\u0131z\u0131 Kau\u00e7uk\/FEP rutin analizler i\u00e7in temel bir septum malzemesiyken, Silikon\/PTFE veya PTFE\/Silikon\/PTFE daha iyi analitik safl\u0131k sunan daha y\u00fcksek kaliteli malzemelerdir. T\u00fcm kapaklar s\u0131k\u0131 hijyenik ko\u015fullar alt\u0131nda tam otomatik olarak monte edilir.<\/p>\n","protected":false},"excerpt":{"rendered":"<p>N 8 al\u00fcminyum geni\u015fletilmi\u015f kapaklar \u00e7ok \u00e7e\u015fitli septum malzemeleriyle birlikte temin edilebilir. K\u0131rm\u0131z\u0131 Kau\u00e7uk\/FEP rutin analizler i\u00e7in temel bir septum malzemesiyken, Silikon\/PTFE veya PTFE\/Silikon\/PTFE daha iyi analitik safl\u0131k sunan daha y\u00fcksek kaliteli malzemelerdir. T\u00fcm kapaklar s\u0131k\u0131 hijyenik ko\u015fullar alt\u0131nda tam otomatik olarak monte edilir.<\/p>\n","protected":false},"featured_media":8890,"comment_status":"open","ping_status":"closed","template":"","meta":[],"product_cat":[98,97,67,92],"product_tag":[],"class_list":{"0":"post-12746","1":"product","2":"type-product","3":"status-publish","4":"has-post-thumbnail","6":"product_cat-kapaklar-ve-septalar","7":"product_cat-kapanislar","8":"product_cat-kromatografi","9":"product_cat-vial-ve-kapaklar","11":"first","12":"instock","13":"shipping-taxable","14":"product-type-simple"},"_links":{"self":[{"href":"https:\/\/develop.eam-scientific.com\/tr\/wp-json\/wp\/v2\/product\/12746","targetHints":{"allow":["GET"]}}],"collection":[{"href":"https:\/\/develop.eam-scientific.com\/tr\/wp-json\/wp\/v2\/product"}],"about":[{"href":"https:\/\/develop.eam-scientific.com\/tr\/wp-json\/wp\/v2\/types\/product"}],"replies":[{"embeddable":true,"href":"https:\/\/develop.eam-scientific.com\/tr\/wp-json\/wp\/v2\/comments?post=12746"}],"wp:featuredmedia":[{"embeddable":true,"href":"https:\/\/develop.eam-scientific.com\/tr\/wp-json\/wp\/v2\/media\/8890"}],"wp:attachment":[{"href":"https:\/\/develop.eam-scientific.com\/tr\/wp-json\/wp\/v2\/media?parent=12746"}],"wp:term":[{"taxonomy":"product_cat","embeddable":true,"href":"https:\/\/develop.eam-scientific.com\/tr\/wp-json\/wp\/v2\/product_cat?post=12746"},{"taxonomy":"product_tag","embeddable":true,"href":"https:\/\/develop.eam-scientific.com\/tr\/wp-json\/wp\/v2\/product_tag?post=12746"}],"curies":[{"name":"wp","href":"https:\/\/api.w.org\/{rel}","templated":true}]}}