{"id":12752,"date":"2024-06-20T15:05:08","date_gmt":"2024-06-20T13:05:08","guid":{"rendered":"http:\/\/develop.eam-scientific.com\/produkt\/pe-kapak-n-20-egimli-hs-haddelenmis-agiz-kenari-seffaf-delikli-septumsuz\/"},"modified":"2024-06-20T15:05:08","modified_gmt":"2024-06-20T13:05:08","slug":"pe-kapak-n-20-egimli-hs-haddelenmis-agiz-kenari-seffaf-delikli-septumsuz","status":"publish","type":"product","link":"https:\/\/develop.eam-scientific.com\/tr\/produkt\/pe-kapak-n-20-egimli-hs-haddelenmis-agiz-kenari-seffaf-delikli-septumsuz\/","title":{"rendered":"PE kapak N 20, e\u011fimli HS haddelenmi\u015f a\u011f\u0131z kenar\u0131, \u015feffaf, delikli, septumsuz"},"content":{"rendered":"<p>Y\u0131kama \u015fi\u015feleri i\u00e7in bir kapak olarak veya e\u011fimli HS haddelenmi\u015f a\u011f\u0131zl\u0131 N 20 t\u00fcm haddelenmi\u015f a\u011f\u0131zl\u0131 \u015fi\u015feler i\u00e7in bir ara kapak olarak kullan\u0131labilir.<\/p>\n","protected":false},"excerpt":{"rendered":"<p>Y\u0131kama \u015fi\u015feleri i\u00e7in bir kapak olarak veya e\u011fimli HS haddelenmi\u015f a\u011f\u0131zl\u0131 N 20 t\u00fcm haddelenmi\u015f a\u011f\u0131zl\u0131 \u015fi\u015feler i\u00e7in bir ara kapak olarak kullan\u0131labilir.<\/p>\n","protected":false},"featured_media":8882,"comment_status":"open","ping_status":"closed","template":"","meta":[],"product_cat":[98,97,67,92],"product_tag":[],"class_list":{"0":"post-12752","1":"product","2":"type-product","3":"status-publish","4":"has-post-thumbnail","6":"product_cat-kapaklar-ve-septalar","7":"product_cat-kapanislar","8":"product_cat-kromatografi","9":"product_cat-vial-ve-kapaklar","11":"first","12":"instock","13":"shipping-taxable","14":"product-type-simple"},"_links":{"self":[{"href":"https:\/\/develop.eam-scientific.com\/tr\/wp-json\/wp\/v2\/product\/12752","targetHints":{"allow":["GET"]}}],"collection":[{"href":"https:\/\/develop.eam-scientific.com\/tr\/wp-json\/wp\/v2\/product"}],"about":[{"href":"https:\/\/develop.eam-scientific.com\/tr\/wp-json\/wp\/v2\/types\/product"}],"replies":[{"embeddable":true,"href":"https:\/\/develop.eam-scientific.com\/tr\/wp-json\/wp\/v2\/comments?post=12752"}],"wp:featuredmedia":[{"embeddable":true,"href":"https:\/\/develop.eam-scientific.com\/tr\/wp-json\/wp\/v2\/media\/8882"}],"wp:attachment":[{"href":"https:\/\/develop.eam-scientific.com\/tr\/wp-json\/wp\/v2\/media?parent=12752"}],"wp:term":[{"taxonomy":"product_cat","embeddable":true,"href":"https:\/\/develop.eam-scientific.com\/tr\/wp-json\/wp\/v2\/product_cat?post=12752"},{"taxonomy":"product_tag","embeddable":true,"href":"https:\/\/develop.eam-scientific.com\/tr\/wp-json\/wp\/v2\/product_tag?post=12752"}],"curies":[{"name":"wp","href":"https:\/\/api.w.org\/{rel}","templated":true}]}}