{"id":12817,"date":"2024-06-20T15:11:07","date_gmt":"2024-06-20T13:11:07","guid":{"rendered":"http:\/\/develop.eam-scientific.com\/produkt\/chromabond-flash-rs-800-c18-ec-kartuslari-15-40-%c2%b5m-880-g\/"},"modified":"2024-06-20T15:11:07","modified_gmt":"2024-06-20T13:11:07","slug":"chromabond-flash-rs-800-c18-ec-kartuslari-15-40-%c2%b5m-880-g","status":"publish","type":"product","link":"https:\/\/develop.eam-scientific.com\/tr\/produkt\/chromabond-flash-rs-800-c18-ec-kartuslari-15-40-%c2%b5m-880-g\/","title":{"rendered":"CHROMABOND Flash RS 800 C18 ec kartu\u015flar\u0131, 15-40 \u00b5m, 880 g"},"content":{"rendered":"<p>C\u2081\u2088 ec modifiye silika jel, geri d\u00f6n\u00fc\u015f\u00fcms\u00fcz olarak tutulan veya modifiye edilmemi\u015f silika jel ile reaksiyona giren \u00e7ok hidrofilik bile\u015fiklerin safla\u015ft\u0131r\u0131lmas\u0131 i\u00e7in veya hi\u00e7bir tutma g\u00f6stermeyen y\u00fcksek hidrofobik bile\u015fikler i\u00e7in kullan\u0131l\u0131r. Burada genellikle sulu-organik mobil fazlar kullan\u0131l\u0131r. Bu nedenle ters fazlar kimyagerlere \u00e7e\u015fitli madde kar\u0131\u015f\u0131mlar\u0131n\u0131n safla\u015ft\u0131r\u0131lmas\u0131 i\u00e7in b\u00fcy\u00fck f\u0131rsatlar sunar. Not: CHROMABOND RS kartu\u015flar\u0131, herhangi bir pompa\/dedekt\u00f6r\/fraksiyon toplay\u0131c\u0131 kombinasyonuyla ba\u011f\u0131ms\u0131z bir sistem olarak da kullan\u0131labilir (RS 800, RS 1600 ve Maxi Luers&#8217;li RS 3000 hari\u00e7). RS 800, RS 1600 ve RS 3000 i\u00e7in kartu\u015fun kendisinde ek ayarlamalar yap\u0131lmas\u0131 gerekir. Daha fazla bilgi i\u00e7in l\u00fctfen destek ekibimizle ileti\u015fime ge\u00e7in.<\/p>\n","protected":false},"excerpt":{"rendered":"<p>C\u2081\u2088 ec modifiye silika jel, geri d\u00f6n\u00fc\u015f\u00fcms\u00fcz olarak tutulan veya modifiye edilmemi\u015f silika jel ile reaksiyona giren \u00e7ok hidrofilik bile\u015fiklerin safla\u015ft\u0131r\u0131lmas\u0131 i\u00e7in veya hi\u00e7bir tutma g\u00f6stermeyen y\u00fcksek hidrofobik bile\u015fikler i\u00e7in kullan\u0131l\u0131r. Burada genellikle sulu-organik mobil fazlar kullan\u0131l\u0131r. Bu nedenle ters fazlar kimyagerlere \u00e7e\u015fitli madde kar\u0131\u015f\u0131mlar\u0131n\u0131n safla\u015ft\u0131r\u0131lmas\u0131 i\u00e7in b\u00fcy\u00fck f\u0131rsatlar sunar. Not: CHROMABOND RS kartu\u015flar\u0131, herhangi [&hellip;]<\/p>\n","protected":false},"featured_media":9414,"comment_status":"open","ping_status":"closed","template":"","meta":[],"product_cat":[108,106,67],"product_tag":[],"class_list":{"0":"post-12817","1":"product","2":"type-product","3":"status-publish","4":"has-post-thumbnail","6":"product_cat-flas-kartuslari","7":"product_cat-flas-kromatografi-lc-sorbentleri","8":"product_cat-kromatografi","10":"first","11":"instock","12":"shipping-taxable","13":"product-type-simple"},"_links":{"self":[{"href":"https:\/\/develop.eam-scientific.com\/tr\/wp-json\/wp\/v2\/product\/12817","targetHints":{"allow":["GET"]}}],"collection":[{"href":"https:\/\/develop.eam-scientific.com\/tr\/wp-json\/wp\/v2\/product"}],"about":[{"href":"https:\/\/develop.eam-scientific.com\/tr\/wp-json\/wp\/v2\/types\/product"}],"replies":[{"embeddable":true,"href":"https:\/\/develop.eam-scientific.com\/tr\/wp-json\/wp\/v2\/comments?post=12817"}],"wp:featuredmedia":[{"embeddable":true,"href":"https:\/\/develop.eam-scientific.com\/tr\/wp-json\/wp\/v2\/media\/9414"}],"wp:attachment":[{"href":"https:\/\/develop.eam-scientific.com\/tr\/wp-json\/wp\/v2\/media?parent=12817"}],"wp:term":[{"taxonomy":"product_cat","embeddable":true,"href":"https:\/\/develop.eam-scientific.com\/tr\/wp-json\/wp\/v2\/product_cat?post=12817"},{"taxonomy":"product_tag","embeddable":true,"href":"https:\/\/develop.eam-scientific.com\/tr\/wp-json\/wp\/v2\/product_tag?post=12817"}],"curies":[{"name":"wp","href":"https:\/\/api.w.org\/{rel}","templated":true}]}}