{"id":12837,"date":"2024-06-20T15:10:47","date_gmt":"2024-06-20T13:10:47","guid":{"rendered":"http:\/\/develop.eam-scientific.com\/produkt\/chromabond-flash-bt-330-sioh-kartuslari-40-63-%c2%b5m-330-g\/"},"modified":"2024-06-20T15:10:47","modified_gmt":"2024-06-20T13:10:47","slug":"chromabond-flash-bt-330-sioh-kartuslari-40-63-%c2%b5m-330-g","status":"publish","type":"product","link":"https:\/\/develop.eam-scientific.com\/tr\/produkt\/chromabond-flash-bt-330-sioh-kartuslari-40-63-%c2%b5m-330-g\/","title":{"rendered":"CHROMABOND Flash BT 330 SiOH kartu\u015flar\u0131, 40-63 \u00b5m, 330 g"},"content":{"rendered":"<p>Biotage Isolera sistemleri i\u00e7in kullan\u0131ma haz\u0131r fla\u015f kartu\u015flar veya B\u00fcchi gibi t\u00fcm pompa\/dedekt\u00f6r kombinasyonlar\u0131 i\u00e7in ba\u011f\u0131ms\u0131z bir versiyon olarak. CHROMABOND Flash BT kartu\u015flar\u0131n\u0131n kapa\u011f\u0131 tekrar \u00e7\u0131kar\u0131labilir ve numune do\u011frudan kartu\u015flara uygulanabilir.<\/p>\n","protected":false},"excerpt":{"rendered":"<p>Biotage Isolera sistemleri i\u00e7in kullan\u0131ma haz\u0131r fla\u015f kartu\u015flar veya B\u00fcchi gibi t\u00fcm pompa\/dedekt\u00f6r kombinasyonlar\u0131 i\u00e7in ba\u011f\u0131ms\u0131z bir versiyon olarak. CHROMABOND Flash BT kartu\u015flar\u0131n\u0131n kapa\u011f\u0131 tekrar \u00e7\u0131kar\u0131labilir ve numune do\u011frudan kartu\u015flara uygulanabilir.<\/p>\n","protected":false},"featured_media":9394,"comment_status":"open","ping_status":"closed","template":"","meta":[],"product_cat":[108,106,67],"product_tag":[],"class_list":{"0":"post-12837","1":"product","2":"type-product","3":"status-publish","4":"has-post-thumbnail","6":"product_cat-flas-kartuslari","7":"product_cat-flas-kromatografi-lc-sorbentleri","8":"product_cat-kromatografi","10":"first","11":"instock","12":"shipping-taxable","13":"product-type-simple"},"_links":{"self":[{"href":"https:\/\/develop.eam-scientific.com\/tr\/wp-json\/wp\/v2\/product\/12837","targetHints":{"allow":["GET"]}}],"collection":[{"href":"https:\/\/develop.eam-scientific.com\/tr\/wp-json\/wp\/v2\/product"}],"about":[{"href":"https:\/\/develop.eam-scientific.com\/tr\/wp-json\/wp\/v2\/types\/product"}],"replies":[{"embeddable":true,"href":"https:\/\/develop.eam-scientific.com\/tr\/wp-json\/wp\/v2\/comments?post=12837"}],"wp:featuredmedia":[{"embeddable":true,"href":"https:\/\/develop.eam-scientific.com\/tr\/wp-json\/wp\/v2\/media\/9394"}],"wp:attachment":[{"href":"https:\/\/develop.eam-scientific.com\/tr\/wp-json\/wp\/v2\/media?parent=12837"}],"wp:term":[{"taxonomy":"product_cat","embeddable":true,"href":"https:\/\/develop.eam-scientific.com\/tr\/wp-json\/wp\/v2\/product_cat?post=12837"},{"taxonomy":"product_tag","embeddable":true,"href":"https:\/\/develop.eam-scientific.com\/tr\/wp-json\/wp\/v2\/product_tag?post=12837"}],"curies":[{"name":"wp","href":"https:\/\/api.w.org\/{rel}","templated":true}]}}