{"id":12847,"date":"2024-06-20T15:10:46","date_gmt":"2024-06-20T13:10:46","guid":{"rendered":"http:\/\/develop.eam-scientific.com\/produkt\/iki-ergonomik-veya-elektronik-muehuerleme-masasi-icin-raf\/"},"modified":"2024-06-20T15:10:46","modified_gmt":"2024-06-20T13:10:46","slug":"iki-ergonomik-veya-elektronik-muehuerleme-masasi-icin-raf","status":"publish","type":"product","link":"https:\/\/develop.eam-scientific.com\/tr\/produkt\/iki-ergonomik-veya-elektronik-muehuerleme-masasi-icin-raf\/","title":{"rendered":"\u0130ki ergonomik veya elektronik m\u00fch\u00fcrleme ma\u015fas\u0131 i\u00e7in raf"},"content":{"rendered":"<p>Ergonomik veya elektronik hav\u015fa a\u00e7ma aletlerinin iyi kimyasal dirence sahip k\u00f6p\u00fck bir standda g\u00fcvenli bir \u015fekilde saklanmas\u0131. Hav\u015fa a\u00e7ma aletleri d\u00fczg\u00fcn bir \u015fekilde saklanabilir ve iyi korunabilir. Raftaki dik konumlar\u0131 sayesinde bir sonraki kullan\u0131m i\u00e7in her zaman elinizin alt\u0131nda olurlar ve laboratuvar tezgah\u0131n\u0131z\u0131n \u00e7al\u0131\u015fma y\u00fczeyinde etrafta ekipman bulunmaz.<\/p>\n","protected":false},"excerpt":{"rendered":"<p>Ergonomik veya elektronik hav\u015fa a\u00e7ma aletlerinin iyi kimyasal dirence sahip k\u00f6p\u00fck bir standda g\u00fcvenli bir \u015fekilde saklanmas\u0131. Hav\u015fa a\u00e7ma aletleri d\u00fczg\u00fcn bir \u015fekilde saklanabilir ve iyi korunabilir. Raftaki dik konumlar\u0131 sayesinde bir sonraki kullan\u0131m i\u00e7in her zaman elinizin alt\u0131nda olurlar ve laboratuvar tezgah\u0131n\u0131z\u0131n \u00e7al\u0131\u015fma y\u00fczeyinde etrafta ekipman bulunmaz.<\/p>\n","protected":false},"featured_media":9384,"comment_status":"open","ping_status":"closed","template":"","meta":[],"product_cat":[109,67,92],"product_tag":[],"class_list":{"0":"post-12847","1":"product","2":"type-product","3":"status-publish","4":"has-post-thumbnail","6":"product_cat-kapama-ve-acma-pensesi","7":"product_cat-kromatografi","8":"product_cat-vial-ve-kapaklar","10":"first","11":"instock","12":"shipping-taxable","13":"product-type-simple"},"_links":{"self":[{"href":"https:\/\/develop.eam-scientific.com\/tr\/wp-json\/wp\/v2\/product\/12847","targetHints":{"allow":["GET"]}}],"collection":[{"href":"https:\/\/develop.eam-scientific.com\/tr\/wp-json\/wp\/v2\/product"}],"about":[{"href":"https:\/\/develop.eam-scientific.com\/tr\/wp-json\/wp\/v2\/types\/product"}],"replies":[{"embeddable":true,"href":"https:\/\/develop.eam-scientific.com\/tr\/wp-json\/wp\/v2\/comments?post=12847"}],"wp:featuredmedia":[{"embeddable":true,"href":"https:\/\/develop.eam-scientific.com\/tr\/wp-json\/wp\/v2\/media\/9384"}],"wp:attachment":[{"href":"https:\/\/develop.eam-scientific.com\/tr\/wp-json\/wp\/v2\/media?parent=12847"}],"wp:term":[{"taxonomy":"product_cat","embeddable":true,"href":"https:\/\/develop.eam-scientific.com\/tr\/wp-json\/wp\/v2\/product_cat?post=12847"},{"taxonomy":"product_tag","embeddable":true,"href":"https:\/\/develop.eam-scientific.com\/tr\/wp-json\/wp\/v2\/product_tag?post=12847"}],"curies":[{"name":"wp","href":"https:\/\/api.w.org\/{rel}","templated":true}]}}