{"id":12859,"date":"2024-06-20T15:10:25","date_gmt":"2024-06-20T13:10:25","guid":{"rendered":"http:\/\/develop.eam-scientific.com\/produkt\/20-mm-alueminyum-kivrimli-kapaklar-icin-acma-pensesi-manuel-ergonomik\/"},"modified":"2024-06-20T15:10:25","modified_gmt":"2024-06-20T13:10:25","slug":"20-mm-alueminyum-kivrimli-kapaklar-icin-acma-pensesi-manuel-ergonomik","status":"publish","type":"product","link":"https:\/\/develop.eam-scientific.com\/tr\/produkt\/20-mm-alueminyum-kivrimli-kapaklar-icin-acma-pensesi-manuel-ergonomik\/","title":{"rendered":"20 mm al\u00fcminyum k\u0131vr\u0131ml\u0131 kapaklar i\u00e7in a\u00e7ma pensesi, manuel, ergonomik"},"content":{"rendered":"<p>Manuel ergonomik a\u00e7ma pensesi, 20 mm al\u00fcminyum k\u0131vr\u0131ml\u0131 kapaklar i\u00e7in.<\/p>\n","protected":false},"excerpt":{"rendered":"<p>Manuel ergonomik a\u00e7ma pensesi, 20 mm al\u00fcminyum k\u0131vr\u0131ml\u0131 kapaklar i\u00e7in.<\/p>\n","protected":false},"featured_media":9378,"comment_status":"open","ping_status":"closed","template":"","meta":[],"product_cat":[109,67,92],"product_tag":[],"class_list":{"0":"post-12859","1":"product","2":"type-product","3":"status-publish","4":"has-post-thumbnail","6":"product_cat-kapama-ve-acma-pensesi","7":"product_cat-kromatografi","8":"product_cat-vial-ve-kapaklar","10":"first","11":"instock","12":"shipping-taxable","13":"product-type-simple"},"_links":{"self":[{"href":"https:\/\/develop.eam-scientific.com\/tr\/wp-json\/wp\/v2\/product\/12859","targetHints":{"allow":["GET"]}}],"collection":[{"href":"https:\/\/develop.eam-scientific.com\/tr\/wp-json\/wp\/v2\/product"}],"about":[{"href":"https:\/\/develop.eam-scientific.com\/tr\/wp-json\/wp\/v2\/types\/product"}],"replies":[{"embeddable":true,"href":"https:\/\/develop.eam-scientific.com\/tr\/wp-json\/wp\/v2\/comments?post=12859"}],"wp:featuredmedia":[{"embeddable":true,"href":"https:\/\/develop.eam-scientific.com\/tr\/wp-json\/wp\/v2\/media\/9378"}],"wp:attachment":[{"href":"https:\/\/develop.eam-scientific.com\/tr\/wp-json\/wp\/v2\/media?parent=12859"}],"wp:term":[{"taxonomy":"product_cat","embeddable":true,"href":"https:\/\/develop.eam-scientific.com\/tr\/wp-json\/wp\/v2\/product_cat?post=12859"},{"taxonomy":"product_tag","embeddable":true,"href":"https:\/\/develop.eam-scientific.com\/tr\/wp-json\/wp\/v2\/product_tag?post=12859"}],"curies":[{"name":"wp","href":"https:\/\/api.w.org\/{rel}","templated":true}]}}