{"id":12871,"date":"2024-06-20T15:10:24","date_gmt":"2024-06-20T13:10:24","guid":{"rendered":"http:\/\/develop.eam-scientific.com\/produkt\/pille-calisan-elektrikli-cihazlar-icin-stand-flans-pensesi-yueksek-performansli-havsa-acma-cihazi\/"},"modified":"2024-06-20T15:10:24","modified_gmt":"2024-06-20T13:10:24","slug":"pille-calisan-elektrikli-cihazlar-icin-stand-flans-pensesi-yueksek-performansli-havsa-acma-cihazi","status":"publish","type":"product","link":"https:\/\/develop.eam-scientific.com\/tr\/produkt\/pille-calisan-elektrikli-cihazlar-icin-stand-flans-pensesi-yueksek-performansli-havsa-acma-cihazi\/","title":{"rendered":"Pille \u00e7al\u0131\u015fan elektrikli cihazlar i\u00e7in stand. Flan\u015f pensesi + y\u00fcksek performansl\u0131 hav\u015fa a\u00e7ma cihaz\u0131"},"content":{"rendered":"<p>Pille \u00e7al\u0131\u015fan hav\u015fa a\u00e7ma aletleri ve elektronik y\u00fcksek performansl\u0131 hav\u015fa a\u00e7ma cihaz\u0131 i\u00e7in y\u00fcksekli\u011fi ayarlanabilir stand.<\/p>\n","protected":false},"excerpt":{"rendered":"<p>Pille \u00e7al\u0131\u015fan hav\u015fa a\u00e7ma aletleri ve elektronik y\u00fcksek performansl\u0131 hav\u015fa a\u00e7ma cihaz\u0131 i\u00e7in y\u00fcksekli\u011fi ayarlanabilir stand.<\/p>\n","protected":false},"featured_media":9362,"comment_status":"open","ping_status":"closed","template":"","meta":[],"product_cat":[109,67,92],"product_tag":[],"class_list":{"0":"post-12871","1":"product","2":"type-product","3":"status-publish","4":"has-post-thumbnail","6":"product_cat-kapama-ve-acma-pensesi","7":"product_cat-kromatografi","8":"product_cat-vial-ve-kapaklar","10":"first","11":"instock","12":"shipping-taxable","13":"product-type-simple"},"_links":{"self":[{"href":"https:\/\/develop.eam-scientific.com\/tr\/wp-json\/wp\/v2\/product\/12871","targetHints":{"allow":["GET"]}}],"collection":[{"href":"https:\/\/develop.eam-scientific.com\/tr\/wp-json\/wp\/v2\/product"}],"about":[{"href":"https:\/\/develop.eam-scientific.com\/tr\/wp-json\/wp\/v2\/types\/product"}],"replies":[{"embeddable":true,"href":"https:\/\/develop.eam-scientific.com\/tr\/wp-json\/wp\/v2\/comments?post=12871"}],"wp:featuredmedia":[{"embeddable":true,"href":"https:\/\/develop.eam-scientific.com\/tr\/wp-json\/wp\/v2\/media\/9362"}],"wp:attachment":[{"href":"https:\/\/develop.eam-scientific.com\/tr\/wp-json\/wp\/v2\/media?parent=12871"}],"wp:term":[{"taxonomy":"product_cat","embeddable":true,"href":"https:\/\/develop.eam-scientific.com\/tr\/wp-json\/wp\/v2\/product_cat?post=12871"},{"taxonomy":"product_tag","embeddable":true,"href":"https:\/\/develop.eam-scientific.com\/tr\/wp-json\/wp\/v2\/product_tag?post=12871"}],"curies":[{"name":"wp","href":"https:\/\/api.w.org\/{rel}","templated":true}]}}