{"id":12875,"date":"2024-06-20T15:10:24","date_gmt":"2024-06-20T13:10:24","guid":{"rendered":"http:\/\/develop.eam-scientific.com\/produkt\/pille-calisan-elektronik-sizdirmazlik-masasi-icin-yedek-pil-sarj-edilebilir\/"},"modified":"2024-06-20T15:10:24","modified_gmt":"2024-06-20T13:10:24","slug":"pille-calisan-elektronik-sizdirmazlik-masasi-icin-yedek-pil-sarj-edilebilir","status":"publish","type":"product","link":"https:\/\/develop.eam-scientific.com\/tr\/produkt\/pille-calisan-elektronik-sizdirmazlik-masasi-icin-yedek-pil-sarj-edilebilir\/","title":{"rendered":"Pille \u00e7al\u0131\u015fan elektronik s\u0131zd\u0131rmazl\u0131k ma\u015fas\u0131 i\u00e7in yedek pil (\u015farj edilebilir)"},"content":{"rendered":"<p>Yedek ak\u00fc 6,6 V, 8,6 Wh. Elektronik kapama\/a\u00e7ma penselerinin depolanmas\u0131na ili\u015fkin not &#8211; s\u0131cakl\u0131k 15 \u00b0C-35 \u00b0C, nem oran\u0131 en fazla %75.<\/p>\n","protected":false},"excerpt":{"rendered":"<p>Yedek ak\u00fc 6,6 V, 8,6 Wh. Elektronik kapama\/a\u00e7ma penselerinin depolanmas\u0131na ili\u015fkin not &#8211; s\u0131cakl\u0131k 15 \u00b0C-35 \u00b0C, nem oran\u0131 en fazla %75.<\/p>\n","protected":false},"featured_media":9360,"comment_status":"open","ping_status":"closed","template":"","meta":[],"product_cat":[109,67,92],"product_tag":[],"class_list":{"0":"post-12875","1":"product","2":"type-product","3":"status-publish","4":"has-post-thumbnail","6":"product_cat-kapama-ve-acma-pensesi","7":"product_cat-kromatografi","8":"product_cat-vial-ve-kapaklar","10":"first","11":"instock","12":"shipping-taxable","13":"product-type-simple"},"_links":{"self":[{"href":"https:\/\/develop.eam-scientific.com\/tr\/wp-json\/wp\/v2\/product\/12875","targetHints":{"allow":["GET"]}}],"collection":[{"href":"https:\/\/develop.eam-scientific.com\/tr\/wp-json\/wp\/v2\/product"}],"about":[{"href":"https:\/\/develop.eam-scientific.com\/tr\/wp-json\/wp\/v2\/types\/product"}],"replies":[{"embeddable":true,"href":"https:\/\/develop.eam-scientific.com\/tr\/wp-json\/wp\/v2\/comments?post=12875"}],"wp:featuredmedia":[{"embeddable":true,"href":"https:\/\/develop.eam-scientific.com\/tr\/wp-json\/wp\/v2\/media\/9360"}],"wp:attachment":[{"href":"https:\/\/develop.eam-scientific.com\/tr\/wp-json\/wp\/v2\/media?parent=12875"}],"wp:term":[{"taxonomy":"product_cat","embeddable":true,"href":"https:\/\/develop.eam-scientific.com\/tr\/wp-json\/wp\/v2\/product_cat?post=12875"},{"taxonomy":"product_tag","embeddable":true,"href":"https:\/\/develop.eam-scientific.com\/tr\/wp-json\/wp\/v2\/product_tag?post=12875"}],"curies":[{"name":"wp","href":"https:\/\/api.w.org\/{rel}","templated":true}]}}