{"id":12882,"date":"2024-06-20T15:10:03","date_gmt":"2024-06-20T13:10:03","guid":{"rendered":"http:\/\/develop.eam-scientific.com\/produkt\/sizdirmazlik-ve-acma-icin-elektronik-yueksek-performansli-flanslama-cihazi\/"},"modified":"2024-06-20T15:10:03","modified_gmt":"2024-06-20T13:10:03","slug":"sizdirmazlik-ve-acma-icin-elektronik-yueksek-performansli-flanslama-cihazi","status":"publish","type":"product","link":"https:\/\/develop.eam-scientific.com\/tr\/produkt\/sizdirmazlik-ve-acma-icin-elektronik-yueksek-performansli-flanslama-cihazi\/","title":{"rendered":"S\u0131zd\u0131rmazl\u0131k ve a\u00e7ma i\u00e7in elektronik y\u00fcksek performansl\u0131 flan\u015flama cihaz\u0131"},"content":{"rendered":"<p>G\u00fc\u00e7 kayna\u011f\u0131 \u00fcnitesi ve ayr\u0131 olarak sipari\u015f edilmesi gereken flan\u015flama ve de-flan\u015flama i\u00e7in de\u011fi\u015ftirilebilir kafalara sahip elektronik y\u00fcksek performansl\u0131 flan\u015flama cihaz\u0131. Elektronik kapama\/a\u00e7ma penselerinin depolanmas\u0131na ili\u015fkin not &#8211; s\u0131cakl\u0131k 15\u00b0C-35\u00b0C, nem oran\u0131 %75&#8217;ten fazla olmamal\u0131d\u0131r.<\/p>\n","protected":false},"excerpt":{"rendered":"<p>G\u00fc\u00e7 kayna\u011f\u0131 \u00fcnitesi ve ayr\u0131 olarak sipari\u015f edilmesi gereken flan\u015flama ve de-flan\u015flama i\u00e7in de\u011fi\u015ftirilebilir kafalara sahip elektronik y\u00fcksek performansl\u0131 flan\u015flama cihaz\u0131. Elektronik kapama\/a\u00e7ma penselerinin depolanmas\u0131na ili\u015fkin not &#8211; s\u0131cakl\u0131k 15\u00b0C-35\u00b0C, nem oran\u0131 %75&#8217;ten fazla olmamal\u0131d\u0131r.<\/p>\n","protected":false},"featured_media":9352,"comment_status":"open","ping_status":"closed","template":"","meta":[],"product_cat":[109,67,92],"product_tag":[],"class_list":{"0":"post-12882","1":"product","2":"type-product","3":"status-publish","4":"has-post-thumbnail","6":"product_cat-kapama-ve-acma-pensesi","7":"product_cat-kromatografi","8":"product_cat-vial-ve-kapaklar","10":"first","11":"instock","12":"shipping-taxable","13":"product-type-simple"},"_links":{"self":[{"href":"https:\/\/develop.eam-scientific.com\/tr\/wp-json\/wp\/v2\/product\/12882","targetHints":{"allow":["GET"]}}],"collection":[{"href":"https:\/\/develop.eam-scientific.com\/tr\/wp-json\/wp\/v2\/product"}],"about":[{"href":"https:\/\/develop.eam-scientific.com\/tr\/wp-json\/wp\/v2\/types\/product"}],"replies":[{"embeddable":true,"href":"https:\/\/develop.eam-scientific.com\/tr\/wp-json\/wp\/v2\/comments?post=12882"}],"wp:featuredmedia":[{"embeddable":true,"href":"https:\/\/develop.eam-scientific.com\/tr\/wp-json\/wp\/v2\/media\/9352"}],"wp:attachment":[{"href":"https:\/\/develop.eam-scientific.com\/tr\/wp-json\/wp\/v2\/media?parent=12882"}],"wp:term":[{"taxonomy":"product_cat","embeddable":true,"href":"https:\/\/develop.eam-scientific.com\/tr\/wp-json\/wp\/v2\/product_cat?post=12882"},{"taxonomy":"product_tag","embeddable":true,"href":"https:\/\/develop.eam-scientific.com\/tr\/wp-json\/wp\/v2\/product_tag?post=12882"}],"curies":[{"name":"wp","href":"https:\/\/api.w.org\/{rel}","templated":true}]}}