{"id":12886,"date":"2024-06-20T15:10:03","date_gmt":"2024-06-20T13:10:03","guid":{"rendered":"http:\/\/develop.eam-scientific.com\/produkt\/13-mm-kivrimli-kapaklar-icin-sizdirmazlik-basligi-ref-735700-ile-kullanilabilir\/"},"modified":"2024-06-20T15:10:03","modified_gmt":"2024-06-20T13:10:03","slug":"13-mm-kivrimli-kapaklar-icin-sizdirmazlik-basligi-ref-735700-ile-kullanilabilir","status":"publish","type":"product","link":"https:\/\/develop.eam-scientific.com\/tr\/produkt\/13-mm-kivrimli-kapaklar-icin-sizdirmazlik-basligi-ref-735700-ile-kullanilabilir\/","title":{"rendered":"13 mm k\u0131vr\u0131ml\u0131 kapaklar i\u00e7in s\u0131zd\u0131rmazl\u0131k ba\u015fl\u0131\u011f\u0131, REF 735700 ile kullan\u0131labilir"},"content":{"rendered":"<p>Elektronik y\u00fcksek performansl\u0131 flan\u015flama cihaz\u0131 i\u00e7in aksesuarlar. 735700 elektronik y\u00fcksek performansl\u0131 krimp i\u00e7in 13 mm krimp kapaklar\u0131 i\u00e7in s\u0131zd\u0131rmazl\u0131k ba\u015fl\u0131\u011f\u0131. Elektronik kapama\/a\u00e7ma penselerinin depolanmas\u0131na ili\u015fkin not &#8211; s\u0131cakl\u0131k 15\u00b0C-35\u00b0C, nem oran\u0131 %75&#8217;ten fazla olmamal\u0131d\u0131r.<\/p>\n","protected":false},"excerpt":{"rendered":"<p>Elektronik y\u00fcksek performansl\u0131 flan\u015flama cihaz\u0131 i\u00e7in aksesuarlar. 735700 elektronik y\u00fcksek performansl\u0131 krimp i\u00e7in 13 mm krimp kapaklar\u0131 i\u00e7in s\u0131zd\u0131rmazl\u0131k ba\u015fl\u0131\u011f\u0131. Elektronik kapama\/a\u00e7ma penselerinin depolanmas\u0131na ili\u015fkin not &#8211; s\u0131cakl\u0131k 15\u00b0C-35\u00b0C, nem oran\u0131 %75&#8217;ten fazla olmamal\u0131d\u0131r.<\/p>\n","protected":false},"featured_media":9350,"comment_status":"open","ping_status":"closed","template":"","meta":[],"product_cat":[109,67,92],"product_tag":[],"class_list":{"0":"post-12886","1":"product","2":"type-product","3":"status-publish","4":"has-post-thumbnail","6":"product_cat-kapama-ve-acma-pensesi","7":"product_cat-kromatografi","8":"product_cat-vial-ve-kapaklar","10":"first","11":"instock","12":"shipping-taxable","13":"product-type-simple"},"_links":{"self":[{"href":"https:\/\/develop.eam-scientific.com\/tr\/wp-json\/wp\/v2\/product\/12886","targetHints":{"allow":["GET"]}}],"collection":[{"href":"https:\/\/develop.eam-scientific.com\/tr\/wp-json\/wp\/v2\/product"}],"about":[{"href":"https:\/\/develop.eam-scientific.com\/tr\/wp-json\/wp\/v2\/types\/product"}],"replies":[{"embeddable":true,"href":"https:\/\/develop.eam-scientific.com\/tr\/wp-json\/wp\/v2\/comments?post=12886"}],"wp:featuredmedia":[{"embeddable":true,"href":"https:\/\/develop.eam-scientific.com\/tr\/wp-json\/wp\/v2\/media\/9350"}],"wp:attachment":[{"href":"https:\/\/develop.eam-scientific.com\/tr\/wp-json\/wp\/v2\/media?parent=12886"}],"wp:term":[{"taxonomy":"product_cat","embeddable":true,"href":"https:\/\/develop.eam-scientific.com\/tr\/wp-json\/wp\/v2\/product_cat?post=12886"},{"taxonomy":"product_tag","embeddable":true,"href":"https:\/\/develop.eam-scientific.com\/tr\/wp-json\/wp\/v2\/product_tag?post=12886"}],"curies":[{"name":"wp","href":"https:\/\/api.w.org\/{rel}","templated":true}]}}