{"id":12900,"date":"2024-06-20T15:09:42","date_gmt":"2024-06-20T13:09:42","guid":{"rendered":"http:\/\/develop.eam-scientific.com\/produkt\/13-mm-genisletilmis-kapaklar-icin-acma-basligi-ref-735700-ile-kullanilabilir\/"},"modified":"2024-06-20T15:09:42","modified_gmt":"2024-06-20T13:09:42","slug":"13-mm-genisletilmis-kapaklar-icin-acma-basligi-ref-735700-ile-kullanilabilir","status":"publish","type":"product","link":"https:\/\/develop.eam-scientific.com\/tr\/produkt\/13-mm-genisletilmis-kapaklar-icin-acma-basligi-ref-735700-ile-kullanilabilir\/","title":{"rendered":"13 mm geni\u015fletilmi\u015f kapaklar i\u00e7in a\u00e7ma ba\u015fl\u0131\u011f\u0131, REF 735700 ile kullan\u0131labilir"},"content":{"rendered":"<p>Elektronik a\u00e7ma pensesi (pille \u00e7al\u0131\u015fan) 13 mm al\u00fcminyum s\u0131kma kapaklar\u0131 i\u00e7in. Elektronik kapama\/a\u00e7ma penselerinin depolanmas\u0131na ili\u015fkin not &#8211; s\u0131cakl\u0131k 15\u00b0C-35\u00b0C, nem oran\u0131 %75&#8217;ten fazla olmamal\u0131d\u0131r.<\/p>\n","protected":false},"excerpt":{"rendered":"<p>Elektronik a\u00e7ma pensesi (pille \u00e7al\u0131\u015fan) 13 mm al\u00fcminyum s\u0131kma kapaklar\u0131 i\u00e7in. Elektronik kapama\/a\u00e7ma penselerinin depolanmas\u0131na ili\u015fkin not &#8211; s\u0131cakl\u0131k 15\u00b0C-35\u00b0C, nem oran\u0131 %75&#8217;ten fazla olmamal\u0131d\u0131r.<\/p>\n","protected":false},"featured_media":9338,"comment_status":"open","ping_status":"closed","template":"","meta":[],"product_cat":[109,67,92],"product_tag":[],"class_list":{"0":"post-12900","1":"product","2":"type-product","3":"status-publish","4":"has-post-thumbnail","6":"product_cat-kapama-ve-acma-pensesi","7":"product_cat-kromatografi","8":"product_cat-vial-ve-kapaklar","10":"first","11":"instock","12":"shipping-taxable","13":"product-type-simple"},"_links":{"self":[{"href":"https:\/\/develop.eam-scientific.com\/tr\/wp-json\/wp\/v2\/product\/12900","targetHints":{"allow":["GET"]}}],"collection":[{"href":"https:\/\/develop.eam-scientific.com\/tr\/wp-json\/wp\/v2\/product"}],"about":[{"href":"https:\/\/develop.eam-scientific.com\/tr\/wp-json\/wp\/v2\/types\/product"}],"replies":[{"embeddable":true,"href":"https:\/\/develop.eam-scientific.com\/tr\/wp-json\/wp\/v2\/comments?post=12900"}],"wp:featuredmedia":[{"embeddable":true,"href":"https:\/\/develop.eam-scientific.com\/tr\/wp-json\/wp\/v2\/media\/9338"}],"wp:attachment":[{"href":"https:\/\/develop.eam-scientific.com\/tr\/wp-json\/wp\/v2\/media?parent=12900"}],"wp:term":[{"taxonomy":"product_cat","embeddable":true,"href":"https:\/\/develop.eam-scientific.com\/tr\/wp-json\/wp\/v2\/product_cat?post=12900"},{"taxonomy":"product_tag","embeddable":true,"href":"https:\/\/develop.eam-scientific.com\/tr\/wp-json\/wp\/v2\/product_tag?post=12900"}],"curies":[{"name":"wp","href":"https:\/\/api.w.org\/{rel}","templated":true}]}}