{"id":12909,"date":"2024-06-20T15:09:20","date_gmt":"2024-06-20T13:09:20","guid":{"rendered":"http:\/\/develop.eam-scientific.com\/produkt\/11-mm-genisletilmis-kapaklar-icin-acma-basligi-ref-735700-ile-kullanilabilir\/"},"modified":"2024-06-20T15:09:20","modified_gmt":"2024-06-20T13:09:20","slug":"11-mm-genisletilmis-kapaklar-icin-acma-basligi-ref-735700-ile-kullanilabilir","status":"publish","type":"product","link":"https:\/\/develop.eam-scientific.com\/tr\/produkt\/11-mm-genisletilmis-kapaklar-icin-acma-basligi-ref-735700-ile-kullanilabilir\/","title":{"rendered":"11 mm geni\u015fletilmi\u015f kapaklar i\u00e7in a\u00e7ma ba\u015fl\u0131\u011f\u0131, REF 735700 ile kullan\u0131labilir"},"content":{"rendered":"<p>Elektronik y\u00fcksek performansl\u0131 flan\u015flama cihaz\u0131 i\u00e7in aksesuarlar. 735700 elektronik y\u00fcksek performansl\u0131 hav\u015falama cihaz\u0131 i\u00e7in 11 mm hav\u015falama kapaklar\u0131 i\u00e7in a\u00e7ma ba\u015fl\u0131\u011f\u0131. Elektronik kapama\/a\u00e7ma penselerinin depolanmas\u0131na ili\u015fkin not &#8211; s\u0131cakl\u0131k 15\u00b0C-35\u00b0C, nem oran\u0131 %75&#8217;ten fazla olmamal\u0131d\u0131r.<\/p>\n","protected":false},"excerpt":{"rendered":"<p>Elektronik y\u00fcksek performansl\u0131 flan\u015flama cihaz\u0131 i\u00e7in aksesuarlar. 735700 elektronik y\u00fcksek performansl\u0131 hav\u015falama cihaz\u0131 i\u00e7in 11 mm hav\u015falama kapaklar\u0131 i\u00e7in a\u00e7ma ba\u015fl\u0131\u011f\u0131. Elektronik kapama\/a\u00e7ma penselerinin depolanmas\u0131na ili\u015fkin not &#8211; s\u0131cakl\u0131k 15\u00b0C-35\u00b0C, nem oran\u0131 %75&#8217;ten fazla olmamal\u0131d\u0131r.<\/p>\n","protected":false},"featured_media":9328,"comment_status":"open","ping_status":"closed","template":"","meta":[],"product_cat":[109,67,92],"product_tag":[],"class_list":{"0":"post-12909","1":"product","2":"type-product","3":"status-publish","4":"has-post-thumbnail","6":"product_cat-kapama-ve-acma-pensesi","7":"product_cat-kromatografi","8":"product_cat-vial-ve-kapaklar","10":"first","11":"instock","12":"shipping-taxable","13":"product-type-simple"},"_links":{"self":[{"href":"https:\/\/develop.eam-scientific.com\/tr\/wp-json\/wp\/v2\/product\/12909","targetHints":{"allow":["GET"]}}],"collection":[{"href":"https:\/\/develop.eam-scientific.com\/tr\/wp-json\/wp\/v2\/product"}],"about":[{"href":"https:\/\/develop.eam-scientific.com\/tr\/wp-json\/wp\/v2\/types\/product"}],"replies":[{"embeddable":true,"href":"https:\/\/develop.eam-scientific.com\/tr\/wp-json\/wp\/v2\/comments?post=12909"}],"wp:featuredmedia":[{"embeddable":true,"href":"https:\/\/develop.eam-scientific.com\/tr\/wp-json\/wp\/v2\/media\/9328"}],"wp:attachment":[{"href":"https:\/\/develop.eam-scientific.com\/tr\/wp-json\/wp\/v2\/media?parent=12909"}],"wp:term":[{"taxonomy":"product_cat","embeddable":true,"href":"https:\/\/develop.eam-scientific.com\/tr\/wp-json\/wp\/v2\/product_cat?post=12909"},{"taxonomy":"product_tag","embeddable":true,"href":"https:\/\/develop.eam-scientific.com\/tr\/wp-json\/wp\/v2\/product_tag?post=12909"}],"curies":[{"name":"wp","href":"https:\/\/api.w.org\/{rel}","templated":true}]}}