{"id":12913,"date":"2024-06-20T15:09:20","date_gmt":"2024-06-20T13:09:20","guid":{"rendered":"http:\/\/develop.eam-scientific.com\/produkt\/8-mm-kivrimli-kapaklar-icin-acma-pensesi-manuel-standart\/"},"modified":"2024-06-20T15:09:20","modified_gmt":"2024-06-20T13:09:20","slug":"8-mm-kivrimli-kapaklar-icin-acma-pensesi-manuel-standart","status":"publish","type":"product","link":"https:\/\/develop.eam-scientific.com\/tr\/produkt\/8-mm-kivrimli-kapaklar-icin-acma-pensesi-manuel-standart\/","title":{"rendered":"8 mm k\u0131vr\u0131ml\u0131 kapaklar i\u00e7in a\u00e7ma pensesi, manuel, standart"},"content":{"rendered":"<p>Manuel a\u00e7ma pensesi (standart) 8 mm al\u00fcminyum k\u0131vr\u0131ml\u0131 kapaklar i\u00e7in.<\/p>\n","protected":false},"excerpt":{"rendered":"<p>Manuel a\u00e7ma pensesi (standart) 8 mm al\u00fcminyum k\u0131vr\u0131ml\u0131 kapaklar i\u00e7in.<\/p>\n","protected":false},"featured_media":9326,"comment_status":"open","ping_status":"closed","template":"","meta":[],"product_cat":[109,67,92],"product_tag":[],"class_list":{"0":"post-12913","1":"product","2":"type-product","3":"status-publish","4":"has-post-thumbnail","6":"product_cat-kapama-ve-acma-pensesi","7":"product_cat-kromatografi","8":"product_cat-vial-ve-kapaklar","10":"first","11":"instock","12":"shipping-taxable","13":"product-type-simple"},"_links":{"self":[{"href":"https:\/\/develop.eam-scientific.com\/tr\/wp-json\/wp\/v2\/product\/12913","targetHints":{"allow":["GET"]}}],"collection":[{"href":"https:\/\/develop.eam-scientific.com\/tr\/wp-json\/wp\/v2\/product"}],"about":[{"href":"https:\/\/develop.eam-scientific.com\/tr\/wp-json\/wp\/v2\/types\/product"}],"replies":[{"embeddable":true,"href":"https:\/\/develop.eam-scientific.com\/tr\/wp-json\/wp\/v2\/comments?post=12913"}],"wp:featuredmedia":[{"embeddable":true,"href":"https:\/\/develop.eam-scientific.com\/tr\/wp-json\/wp\/v2\/media\/9326"}],"wp:attachment":[{"href":"https:\/\/develop.eam-scientific.com\/tr\/wp-json\/wp\/v2\/media?parent=12913"}],"wp:term":[{"taxonomy":"product_cat","embeddable":true,"href":"https:\/\/develop.eam-scientific.com\/tr\/wp-json\/wp\/v2\/product_cat?post=12913"},{"taxonomy":"product_tag","embeddable":true,"href":"https:\/\/develop.eam-scientific.com\/tr\/wp-json\/wp\/v2\/product_tag?post=12913"}],"curies":[{"name":"wp","href":"https:\/\/api.w.org\/{rel}","templated":true}]}}