{"id":12920,"date":"2024-06-20T15:09:20","date_gmt":"2024-06-20T13:09:20","guid":{"rendered":"http:\/\/develop.eam-scientific.com\/produkt\/sise-kabi-maks-cap-12-mm-81-parca-kapak-boelme-eki-istiflenebilir\/"},"modified":"2024-06-20T15:09:20","modified_gmt":"2024-06-20T13:09:20","slug":"sise-kabi-maks-cap-12-mm-81-parca-kapak-boelme-eki-istiflenebilir","status":"publish","type":"product","link":"https:\/\/develop.eam-scientific.com\/tr\/produkt\/sise-kabi-maks-cap-12-mm-81-parca-kapak-boelme-eki-istiflenebilir\/","title":{"rendered":"\u015ei\u015fe kab\u0131, maks. \u00e7ap 12 mm, 81 par\u00e7a, kapak + b\u00f6lme eki, istiflenebilir"},"content":{"rendered":"<p>Numune \u015fi\u015felerinin g\u00fcvenli bir \u015fekilde ta\u015f\u0131nmas\u0131n\u0131 sa\u011flar. Di\u015fli \u015fi\u015feler N 8, N 9, N 10 ve rulo a\u011f\u0131zl\u0131 ve \u00e7\u0131t\u00e7\u0131tl\u0131 \u015fi\u015feler N 11 i\u00e7in b\u00f6lme ekinde g\u00fcvenli stand. \u015eeffaf kapak, kapaklarda yo\u011fu\u015fmay\u0131 ve dolay\u0131s\u0131yla buzdolab\u0131nda olas\u0131 kontaminasyonu \u00f6nledi\u011finden, buzdolaplar\u0131nda yerden tasarruf sa\u011flayan depolama i\u00e7in idealdir. \u015ei\u015fe kaplar\u0131 dondurucular i\u00e7in uygundur ve -100\u00b0 C ila 121\u00b0 C aras\u0131nda s\u0131cakl\u0131\u011fa dayan\u0131kl\u0131d\u0131r.<\/p>\n","protected":false},"excerpt":{"rendered":"<p>Numune \u015fi\u015felerinin g\u00fcvenli bir \u015fekilde ta\u015f\u0131nmas\u0131n\u0131 sa\u011flar. Di\u015fli \u015fi\u015feler N 8, N 9, N 10 ve rulo a\u011f\u0131zl\u0131 ve \u00e7\u0131t\u00e7\u0131tl\u0131 \u015fi\u015feler N 11 i\u00e7in b\u00f6lme ekinde g\u00fcvenli stand. \u015eeffaf kapak, kapaklarda yo\u011fu\u015fmay\u0131 ve dolay\u0131s\u0131yla buzdolab\u0131nda olas\u0131 kontaminasyonu \u00f6nledi\u011finden, buzdolaplar\u0131nda yerden tasarruf sa\u011flayan depolama i\u00e7in idealdir. \u015ei\u015fe kaplar\u0131 dondurucular i\u00e7in uygundur ve -100\u00b0 C ila 121\u00b0 [&hellip;]<\/p>\n","protected":false},"featured_media":9318,"comment_status":"open","ping_status":"closed","template":"","meta":[],"product_cat":[67,111,92],"product_tag":[],"class_list":{"0":"post-12920","1":"product","2":"type-product","3":"status-publish","4":"has-post-thumbnail","6":"product_cat-kromatografi","7":"product_cat-sise-raflari-ve-kaplari","8":"product_cat-vial-ve-kapaklar","10":"first","11":"instock","12":"shipping-taxable","13":"product-type-simple"},"_links":{"self":[{"href":"https:\/\/develop.eam-scientific.com\/tr\/wp-json\/wp\/v2\/product\/12920","targetHints":{"allow":["GET"]}}],"collection":[{"href":"https:\/\/develop.eam-scientific.com\/tr\/wp-json\/wp\/v2\/product"}],"about":[{"href":"https:\/\/develop.eam-scientific.com\/tr\/wp-json\/wp\/v2\/types\/product"}],"replies":[{"embeddable":true,"href":"https:\/\/develop.eam-scientific.com\/tr\/wp-json\/wp\/v2\/comments?post=12920"}],"wp:featuredmedia":[{"embeddable":true,"href":"https:\/\/develop.eam-scientific.com\/tr\/wp-json\/wp\/v2\/media\/9318"}],"wp:attachment":[{"href":"https:\/\/develop.eam-scientific.com\/tr\/wp-json\/wp\/v2\/media?parent=12920"}],"wp:term":[{"taxonomy":"product_cat","embeddable":true,"href":"https:\/\/develop.eam-scientific.com\/tr\/wp-json\/wp\/v2\/product_cat?post=12920"},{"taxonomy":"product_tag","embeddable":true,"href":"https:\/\/develop.eam-scientific.com\/tr\/wp-json\/wp\/v2\/product_tag?post=12920"}],"curies":[{"name":"wp","href":"https:\/\/api.w.org\/{rel}","templated":true}]}}