{"id":12924,"date":"2024-06-20T15:09:20","date_gmt":"2024-06-20T13:09:20","guid":{"rendered":"http:\/\/develop.eam-scientific.com\/produkt\/sise-rafi-maks-cap-12-mm-50-ueruen-istiflenebilir-bosken\/"},"modified":"2024-06-20T15:09:20","modified_gmt":"2024-06-20T13:09:20","slug":"sise-rafi-maks-cap-12-mm-50-ueruen-istiflenebilir-bosken","status":"publish","type":"product","link":"https:\/\/develop.eam-scientific.com\/tr\/produkt\/sise-rafi-maks-cap-12-mm-50-ueruen-istiflenebilir-bosken\/","title":{"rendered":"\u015ei\u015fe raf\u0131, maks. \u00e7ap 12 mm, 50 \u00fcr\u00fcn, istiflenebilir (bo\u015fken)"},"content":{"rendered":"<p>Bu \u015fi\u015fe raf\u0131, d\u00fcz tabanl\u0131 t\u00fcm \u015fi\u015feler (11,6 x 32 mm) i\u00e7in kullan\u0131labilir. Bu, mavi, kimyasallara dayan\u0131kl\u0131 polipropilenden yap\u0131lm\u0131\u015f 50 pozisyonlu bir \u015fi\u015fe raf\u0131d\u0131r (boyutlar: 190 x 100 x 22 mm). Numune kaplar\u0131n\u0131n laboratuvar tezgah\u0131 \u00fczerinde g\u00fcvenli bir \u015fekilde konumland\u0131r\u0131lmas\u0131. Alfa-n\u00fcmerik indeks. Bo\u015f \u015fi\u015fe raflar\u0131 istiflenebilir.<\/p>\n","protected":false},"excerpt":{"rendered":"<p>Bu \u015fi\u015fe raf\u0131, d\u00fcz tabanl\u0131 t\u00fcm \u015fi\u015feler (11,6 x 32 mm) i\u00e7in kullan\u0131labilir. Bu, mavi, kimyasallara dayan\u0131kl\u0131 polipropilenden yap\u0131lm\u0131\u015f 50 pozisyonlu bir \u015fi\u015fe raf\u0131d\u0131r (boyutlar: 190 x 100 x 22 mm). Numune kaplar\u0131n\u0131n laboratuvar tezgah\u0131 \u00fczerinde g\u00fcvenli bir \u015fekilde konumland\u0131r\u0131lmas\u0131. Alfa-n\u00fcmerik indeks. Bo\u015f \u015fi\u015fe raflar\u0131 istiflenebilir.<\/p>\n","protected":false},"featured_media":9316,"comment_status":"open","ping_status":"closed","template":"","meta":[],"product_cat":[67,111,92],"product_tag":[],"class_list":{"0":"post-12924","1":"product","2":"type-product","3":"status-publish","4":"has-post-thumbnail","6":"product_cat-kromatografi","7":"product_cat-sise-raflari-ve-kaplari","8":"product_cat-vial-ve-kapaklar","10":"first","11":"instock","12":"shipping-taxable","13":"product-type-simple"},"_links":{"self":[{"href":"https:\/\/develop.eam-scientific.com\/tr\/wp-json\/wp\/v2\/product\/12924","targetHints":{"allow":["GET"]}}],"collection":[{"href":"https:\/\/develop.eam-scientific.com\/tr\/wp-json\/wp\/v2\/product"}],"about":[{"href":"https:\/\/develop.eam-scientific.com\/tr\/wp-json\/wp\/v2\/types\/product"}],"replies":[{"embeddable":true,"href":"https:\/\/develop.eam-scientific.com\/tr\/wp-json\/wp\/v2\/comments?post=12924"}],"wp:featuredmedia":[{"embeddable":true,"href":"https:\/\/develop.eam-scientific.com\/tr\/wp-json\/wp\/v2\/media\/9316"}],"wp:attachment":[{"href":"https:\/\/develop.eam-scientific.com\/tr\/wp-json\/wp\/v2\/media?parent=12924"}],"wp:term":[{"taxonomy":"product_cat","embeddable":true,"href":"https:\/\/develop.eam-scientific.com\/tr\/wp-json\/wp\/v2\/product_cat?post=12924"},{"taxonomy":"product_tag","embeddable":true,"href":"https:\/\/develop.eam-scientific.com\/tr\/wp-json\/wp\/v2\/product_tag?post=12924"}],"curies":[{"name":"wp","href":"https:\/\/api.w.org\/{rel}","templated":true}]}}