{"id":12928,"date":"2024-06-20T15:08:58","date_gmt":"2024-06-20T13:08:58","guid":{"rendered":"http:\/\/develop.eam-scientific.com\/produkt\/sise-kabi-maks-cap-275-mm-16-parca-kapak-boelme-eki-istiflenebilir\/"},"modified":"2024-06-20T15:08:58","modified_gmt":"2024-06-20T13:08:58","slug":"sise-kabi-maks-cap-275-mm-16-parca-kapak-boelme-eki-istiflenebilir","status":"publish","type":"product","link":"https:\/\/develop.eam-scientific.com\/tr\/produkt\/sise-kabi-maks-cap-275-mm-16-parca-kapak-boelme-eki-istiflenebilir\/","title":{"rendered":"\u015ei\u015fe kab\u0131, maks. \u00e7ap 27,5 mm, 16 par\u00e7a, kapak + b\u00f6lme eki, istiflenebilir"},"content":{"rendered":"<p>Numune \u015fi\u015felerinin g\u00fcvenli bir \u015fekilde ta\u015f\u0131nmas\u0131n\u0131 sa\u011flar. Di\u015fli \u015fi\u015feler N 24 (20 mL, 30 mL, 40 mL) i\u00e7in b\u00f6lme ekinde sabit stand. \u015eeffaf kapak, kapaklarda yo\u011fu\u015fmay\u0131 ve dolay\u0131s\u0131yla buzdolab\u0131nda olas\u0131 kirlenmeyi \u00f6nledi\u011finden buzdolaplar\u0131nda yer tasarrufu sa\u011flayan saklama i\u00e7in idealdir. Flakon kaplar\u0131 dondurucular i\u00e7in uygundur ve -100\u00b0 C ila 121\u00b0 C aras\u0131nda s\u0131cakl\u0131\u011fa dayan\u0131kl\u0131d\u0131r.<\/p>\n","protected":false},"excerpt":{"rendered":"<p>Numune \u015fi\u015felerinin g\u00fcvenli bir \u015fekilde ta\u015f\u0131nmas\u0131n\u0131 sa\u011flar. Di\u015fli \u015fi\u015feler N 24 (20 mL, 30 mL, 40 mL) i\u00e7in b\u00f6lme ekinde sabit stand. \u015eeffaf kapak, kapaklarda yo\u011fu\u015fmay\u0131 ve dolay\u0131s\u0131yla buzdolab\u0131nda olas\u0131 kirlenmeyi \u00f6nledi\u011finden buzdolaplar\u0131nda yer tasarrufu sa\u011flayan saklama i\u00e7in idealdir. Flakon kaplar\u0131 dondurucular i\u00e7in uygundur ve -100\u00b0 C ila 121\u00b0 C aras\u0131nda s\u0131cakl\u0131\u011fa dayan\u0131kl\u0131d\u0131r.<\/p>\n","protected":false},"featured_media":9304,"comment_status":"open","ping_status":"closed","template":"","meta":[],"product_cat":[67,111,92],"product_tag":[],"class_list":{"0":"post-12928","1":"product","2":"type-product","3":"status-publish","4":"has-post-thumbnail","6":"product_cat-kromatografi","7":"product_cat-sise-raflari-ve-kaplari","8":"product_cat-vial-ve-kapaklar","10":"first","11":"instock","12":"shipping-taxable","13":"product-type-simple"},"_links":{"self":[{"href":"https:\/\/develop.eam-scientific.com\/tr\/wp-json\/wp\/v2\/product\/12928","targetHints":{"allow":["GET"]}}],"collection":[{"href":"https:\/\/develop.eam-scientific.com\/tr\/wp-json\/wp\/v2\/product"}],"about":[{"href":"https:\/\/develop.eam-scientific.com\/tr\/wp-json\/wp\/v2\/types\/product"}],"replies":[{"embeddable":true,"href":"https:\/\/develop.eam-scientific.com\/tr\/wp-json\/wp\/v2\/comments?post=12928"}],"wp:featuredmedia":[{"embeddable":true,"href":"https:\/\/develop.eam-scientific.com\/tr\/wp-json\/wp\/v2\/media\/9304"}],"wp:attachment":[{"href":"https:\/\/develop.eam-scientific.com\/tr\/wp-json\/wp\/v2\/media?parent=12928"}],"wp:term":[{"taxonomy":"product_cat","embeddable":true,"href":"https:\/\/develop.eam-scientific.com\/tr\/wp-json\/wp\/v2\/product_cat?post=12928"},{"taxonomy":"product_tag","embeddable":true,"href":"https:\/\/develop.eam-scientific.com\/tr\/wp-json\/wp\/v2\/product_tag?post=12928"}],"curies":[{"name":"wp","href":"https:\/\/api.w.org\/{rel}","templated":true}]}}