{"id":12933,"date":"2024-06-20T15:08:58","date_gmt":"2024-06-20T13:08:58","guid":{"rendered":"http:\/\/develop.eam-scientific.com\/produkt\/sise-rafi-maksimum-cap-231-mm-36-ueruen-istiflenebilir-bosken\/"},"modified":"2024-06-20T15:08:58","modified_gmt":"2024-06-20T13:08:58","slug":"sise-rafi-maksimum-cap-231-mm-36-ueruen-istiflenebilir-bosken","status":"publish","type":"product","link":"https:\/\/develop.eam-scientific.com\/tr\/produkt\/sise-rafi-maksimum-cap-231-mm-36-ueruen-istiflenebilir-bosken\/","title":{"rendered":"\u015ei\u015fe raf\u0131, maksimum \u00e7ap 23,1 mm, 36 \u00fcr\u00fcn, istiflenebilir (bo\u015fken)"},"content":{"rendered":"<p>Bu \u015fi\u015fe raf\u0131, 23,1 mm \u00e7ap\u0131ndaki t\u00fcm Headspace \u015fi\u015feleri i\u00e7in kullan\u0131labilir. Bu, 36 konumlu bir \u015fi\u015fe raf\u0131d\u0131r (boyutlar: 323 x 91 x 30 mm). Mavi, kimyasallara dayan\u0131kl\u0131 plastikten yap\u0131lm\u0131\u015ft\u0131r. Numune kaplar\u0131n\u0131n laboratuvar tezgah\u0131 \u00fczerinde g\u00fcvenli bir \u015fekilde konumland\u0131r\u0131lmas\u0131. Alfa-n\u00fcmerik indeks. Bo\u015f \u015fi\u015fe raflar\u0131 istiflenebilir.<\/p>\n","protected":false},"excerpt":{"rendered":"<p>Bu \u015fi\u015fe raf\u0131, 23,1 mm \u00e7ap\u0131ndaki t\u00fcm Headspace \u015fi\u015feleri i\u00e7in kullan\u0131labilir. Bu, 36 konumlu bir \u015fi\u015fe raf\u0131d\u0131r (boyutlar: 323 x 91 x 30 mm). Mavi, kimyasallara dayan\u0131kl\u0131 plastikten yap\u0131lm\u0131\u015ft\u0131r. Numune kaplar\u0131n\u0131n laboratuvar tezgah\u0131 \u00fczerinde g\u00fcvenli bir \u015fekilde konumland\u0131r\u0131lmas\u0131. Alfa-n\u00fcmerik indeks. Bo\u015f \u015fi\u015fe raflar\u0131 istiflenebilir.<\/p>\n","protected":false},"featured_media":9306,"comment_status":"open","ping_status":"closed","template":"","meta":[],"product_cat":[67,111,92],"product_tag":[],"class_list":{"0":"post-12933","1":"product","2":"type-product","3":"status-publish","4":"has-post-thumbnail","6":"product_cat-kromatografi","7":"product_cat-sise-raflari-ve-kaplari","8":"product_cat-vial-ve-kapaklar","10":"first","11":"instock","12":"shipping-taxable","13":"product-type-simple"},"_links":{"self":[{"href":"https:\/\/develop.eam-scientific.com\/tr\/wp-json\/wp\/v2\/product\/12933","targetHints":{"allow":["GET"]}}],"collection":[{"href":"https:\/\/develop.eam-scientific.com\/tr\/wp-json\/wp\/v2\/product"}],"about":[{"href":"https:\/\/develop.eam-scientific.com\/tr\/wp-json\/wp\/v2\/types\/product"}],"replies":[{"embeddable":true,"href":"https:\/\/develop.eam-scientific.com\/tr\/wp-json\/wp\/v2\/comments?post=12933"}],"wp:featuredmedia":[{"embeddable":true,"href":"https:\/\/develop.eam-scientific.com\/tr\/wp-json\/wp\/v2\/media\/9306"}],"wp:attachment":[{"href":"https:\/\/develop.eam-scientific.com\/tr\/wp-json\/wp\/v2\/media?parent=12933"}],"wp:term":[{"taxonomy":"product_cat","embeddable":true,"href":"https:\/\/develop.eam-scientific.com\/tr\/wp-json\/wp\/v2\/product_cat?post=12933"},{"taxonomy":"product_tag","embeddable":true,"href":"https:\/\/develop.eam-scientific.com\/tr\/wp-json\/wp\/v2\/product_tag?post=12933"}],"curies":[{"name":"wp","href":"https:\/\/api.w.org\/{rel}","templated":true}]}}