{"id":12943,"date":"2024-06-20T15:08:57","date_gmt":"2024-06-20T13:08:57","guid":{"rendered":"http:\/\/develop.eam-scientific.com\/produkt\/oen-kapakli-sise-kapakli-kombi-iplik-n-24-702021-702059\/"},"modified":"2024-06-20T15:08:57","modified_gmt":"2024-06-20T13:08:57","slug":"oen-kapakli-sise-kapakli-kombi-iplik-n-24-702021-702059","status":"publish","type":"product","link":"https:\/\/develop.eam-scientific.com\/tr\/produkt\/oen-kapakli-sise-kapakli-kombi-iplik-n-24-702021-702059\/","title":{"rendered":"\u00d6n kapakl\u0131 \u015fi\u015fe kapakl\u0131 kombi. \u0130plik N 24 (702021 + 702059)"},"content":{"rendered":"<p>Kullan\u0131m s\u0131ras\u0131nda kontaminasyon riskini azaltmak i\u00e7in \u00f6nceden kapat\u0131lm\u0131\u015f \u015fi\u015fe kapa\u011f\u0131 kombinasyonlar\u0131. S\u0131zd\u0131rmazl\u0131k s\u0131k\u0131 hijyenik ko\u015fullar alt\u0131nda ger\u00e7ekle\u015ftirilir. Se\u00e7ti\u011finiz kapa\u011fa sahip her \u015fi\u015fe tipi i\u00e7in, ilgili haz\u0131r kapakl\u0131 \u015fi\u015fe-kapak kombinasyonu i\u00e7in \u00f6zelle\u015ftirilmi\u015f bir fiyat teklifi talep edebilirsiniz.<\/p>\n","protected":false},"excerpt":{"rendered":"<p>Kullan\u0131m s\u0131ras\u0131nda kontaminasyon riskini azaltmak i\u00e7in \u00f6nceden kapat\u0131lm\u0131\u015f \u015fi\u015fe kapa\u011f\u0131 kombinasyonlar\u0131. S\u0131zd\u0131rmazl\u0131k s\u0131k\u0131 hijyenik ko\u015fullar alt\u0131nda ger\u00e7ekle\u015ftirilir. Se\u00e7ti\u011finiz kapa\u011fa sahip her \u015fi\u015fe tipi i\u00e7in, ilgili haz\u0131r kapakl\u0131 \u015fi\u015fe-kapak kombinasyonu i\u00e7in \u00f6zelle\u015ftirilmi\u015f bir fiyat teklifi talep edebilirsiniz.<\/p>\n","protected":false},"featured_media":9296,"comment_status":"open","ping_status":"closed","template":"","meta":[],"product_cat":[113,67,92],"product_tag":[],"class_list":{"0":"post-12943","1":"product","2":"type-product","3":"status-publish","4":"has-post-thumbnail","6":"product_cat-kombinasyonlar-oenceden-muehuerlenmis-monte-edilmis","7":"product_cat-kromatografi","8":"product_cat-vial-ve-kapaklar","10":"first","11":"instock","12":"shipping-taxable","13":"product-type-simple"},"_links":{"self":[{"href":"https:\/\/develop.eam-scientific.com\/tr\/wp-json\/wp\/v2\/product\/12943","targetHints":{"allow":["GET"]}}],"collection":[{"href":"https:\/\/develop.eam-scientific.com\/tr\/wp-json\/wp\/v2\/product"}],"about":[{"href":"https:\/\/develop.eam-scientific.com\/tr\/wp-json\/wp\/v2\/types\/product"}],"replies":[{"embeddable":true,"href":"https:\/\/develop.eam-scientific.com\/tr\/wp-json\/wp\/v2\/comments?post=12943"}],"wp:featuredmedia":[{"embeddable":true,"href":"https:\/\/develop.eam-scientific.com\/tr\/wp-json\/wp\/v2\/media\/9296"}],"wp:attachment":[{"href":"https:\/\/develop.eam-scientific.com\/tr\/wp-json\/wp\/v2\/media?parent=12943"}],"wp:term":[{"taxonomy":"product_cat","embeddable":true,"href":"https:\/\/develop.eam-scientific.com\/tr\/wp-json\/wp\/v2\/product_cat?post=12943"},{"taxonomy":"product_tag","embeddable":true,"href":"https:\/\/develop.eam-scientific.com\/tr\/wp-json\/wp\/v2\/product_tag?post=12943"}],"curies":[{"name":"wp","href":"https:\/\/api.w.org\/{rel}","templated":true}]}}