{"id":12961,"date":"2024-06-20T15:08:37","date_gmt":"2024-06-20T13:08:37","guid":{"rendered":"http:\/\/develop.eam-scientific.com\/produkt\/combipack-sise-kapagi-70201hp-70288-her-biri-10x100-adet\/"},"modified":"2024-06-20T15:08:37","modified_gmt":"2024-06-20T13:08:37","slug":"combipack-sise-kapagi-70201hp-70288-her-biri-10x100-adet","status":"publish","type":"product","link":"https:\/\/develop.eam-scientific.com\/tr\/produkt\/combipack-sise-kapagi-70201hp-70288-her-biri-10x100-adet\/","title":{"rendered":"Combipack \u015fi\u015fe kapa\u011f\u0131 (70201HP + 70288), her biri 10&#215;100 adet"},"content":{"rendered":"<p>Flakon kitlerinin (her biri 1&#215;100 \u015fi\u015fe\/kapak) aksine, kombipaketler \u00e7ekmece benzeri bir PP kutu yerine karton bir kutuda paketlenmi\u015f b\u00fcy\u00fck \u00fcnitelerdir. Her biri 1&#215;100 adetten fazla olan \u015fi\u015fe ve kapaklardan yap\u0131labilirler. veya 50&#215;100 adet gibi b\u00fcy\u00fck miktarda \u015fi\u015fe veya kapaktan olu\u015fur. \u015ei\u015feler.<\/p>\n","protected":false},"excerpt":{"rendered":"<p>Flakon kitlerinin (her biri 1&#215;100 \u015fi\u015fe\/kapak) aksine, kombipaketler \u00e7ekmece benzeri bir PP kutu yerine karton bir kutuda paketlenmi\u015f b\u00fcy\u00fck \u00fcnitelerdir. Her biri 1&#215;100 adetten fazla olan \u015fi\u015fe ve kapaklardan yap\u0131labilirler. veya 50&#215;100 adet gibi b\u00fcy\u00fck miktarda \u015fi\u015fe veya kapaktan olu\u015fur. \u015ei\u015feler.<\/p>\n","protected":false},"featured_media":9272,"comment_status":"open","ping_status":"closed","template":"","meta":[],"product_cat":[113,67,92],"product_tag":[],"class_list":{"0":"post-12961","1":"product","2":"type-product","3":"status-publish","4":"has-post-thumbnail","6":"product_cat-kombinasyonlar-oenceden-muehuerlenmis-monte-edilmis","7":"product_cat-kromatografi","8":"product_cat-vial-ve-kapaklar","10":"first","11":"instock","12":"shipping-taxable","13":"product-type-simple"},"_links":{"self":[{"href":"https:\/\/develop.eam-scientific.com\/tr\/wp-json\/wp\/v2\/product\/12961","targetHints":{"allow":["GET"]}}],"collection":[{"href":"https:\/\/develop.eam-scientific.com\/tr\/wp-json\/wp\/v2\/product"}],"about":[{"href":"https:\/\/develop.eam-scientific.com\/tr\/wp-json\/wp\/v2\/types\/product"}],"replies":[{"embeddable":true,"href":"https:\/\/develop.eam-scientific.com\/tr\/wp-json\/wp\/v2\/comments?post=12961"}],"wp:featuredmedia":[{"embeddable":true,"href":"https:\/\/develop.eam-scientific.com\/tr\/wp-json\/wp\/v2\/media\/9272"}],"wp:attachment":[{"href":"https:\/\/develop.eam-scientific.com\/tr\/wp-json\/wp\/v2\/media?parent=12961"}],"wp:term":[{"taxonomy":"product_cat","embeddable":true,"href":"https:\/\/develop.eam-scientific.com\/tr\/wp-json\/wp\/v2\/product_cat?post=12961"},{"taxonomy":"product_tag","embeddable":true,"href":"https:\/\/develop.eam-scientific.com\/tr\/wp-json\/wp\/v2\/product_tag?post=12961"}],"curies":[{"name":"wp","href":"https:\/\/api.w.org\/{rel}","templated":true}]}}