{"id":12992,"date":"2024-06-20T15:08:15","date_gmt":"2024-06-20T13:08:15","guid":{"rendered":"http:\/\/develop.eam-scientific.com\/produkt\/oen-kapakli-sise-kapakli-kombi-iplik-n-9-702283-702732\/"},"modified":"2024-06-20T15:08:15","modified_gmt":"2024-06-20T13:08:15","slug":"oen-kapakli-sise-kapakli-kombi-iplik-n-9-702283-702732","status":"publish","type":"product","link":"https:\/\/develop.eam-scientific.com\/tr\/produkt\/oen-kapakli-sise-kapakli-kombi-iplik-n-9-702283-702732\/","title":{"rendered":"\u00d6n kapakl\u0131 \u015fi\u015fe kapakl\u0131 kombi. \u0130plik N 9 (702283 + 702732)"},"content":{"rendered":"<p>\u00c7e\u015fitli \u015fi\u015fe ve kapak tipleri i\u00e7in \u00f6nceden kapakl\u0131 \u015fi\u015fe-kapak kombinasyonlar\u0131 tedarik edilebilir. Son derece hassas analizler (\u00f6rn. eser analizi, TOC\/VOC) i\u00e7in laboratuvarda kontaminasyon riskini azaltmaya yararlar. S\u0131zd\u0131rmazl\u0131k s\u0131k\u0131 hijyenik ko\u015fullar alt\u0131nda ger\u00e7ekle\u015ftirilir.<\/p>\n","protected":false},"excerpt":{"rendered":"<p>\u00c7e\u015fitli \u015fi\u015fe ve kapak tipleri i\u00e7in \u00f6nceden kapakl\u0131 \u015fi\u015fe-kapak kombinasyonlar\u0131 tedarik edilebilir. Son derece hassas analizler (\u00f6rn. eser analizi, TOC\/VOC) i\u00e7in laboratuvarda kontaminasyon riskini azaltmaya yararlar. S\u0131zd\u0131rmazl\u0131k s\u0131k\u0131 hijyenik ko\u015fullar alt\u0131nda ger\u00e7ekle\u015ftirilir.<\/p>\n","protected":false},"featured_media":9242,"comment_status":"open","ping_status":"closed","template":"","meta":[],"product_cat":[113,67,92],"product_tag":[],"class_list":{"0":"post-12992","1":"product","2":"type-product","3":"status-publish","4":"has-post-thumbnail","6":"product_cat-kombinasyonlar-oenceden-muehuerlenmis-monte-edilmis","7":"product_cat-kromatografi","8":"product_cat-vial-ve-kapaklar","10":"first","11":"instock","12":"shipping-taxable","13":"product-type-simple"},"_links":{"self":[{"href":"https:\/\/develop.eam-scientific.com\/tr\/wp-json\/wp\/v2\/product\/12992","targetHints":{"allow":["GET"]}}],"collection":[{"href":"https:\/\/develop.eam-scientific.com\/tr\/wp-json\/wp\/v2\/product"}],"about":[{"href":"https:\/\/develop.eam-scientific.com\/tr\/wp-json\/wp\/v2\/types\/product"}],"replies":[{"embeddable":true,"href":"https:\/\/develop.eam-scientific.com\/tr\/wp-json\/wp\/v2\/comments?post=12992"}],"wp:featuredmedia":[{"embeddable":true,"href":"https:\/\/develop.eam-scientific.com\/tr\/wp-json\/wp\/v2\/media\/9242"}],"wp:attachment":[{"href":"https:\/\/develop.eam-scientific.com\/tr\/wp-json\/wp\/v2\/media?parent=12992"}],"wp:term":[{"taxonomy":"product_cat","embeddable":true,"href":"https:\/\/develop.eam-scientific.com\/tr\/wp-json\/wp\/v2\/product_cat?post=12992"},{"taxonomy":"product_tag","embeddable":true,"href":"https:\/\/develop.eam-scientific.com\/tr\/wp-json\/wp\/v2\/product_tag?post=12992"}],"curies":[{"name":"wp","href":"https:\/\/api.w.org\/{rel}","templated":true}]}}