{"id":12995,"date":"2024-06-20T15:08:15","date_gmt":"2024-06-20T13:08:15","guid":{"rendered":"http:\/\/develop.eam-scientific.com\/produkt\/vidali-kapak-n-9-pp-mavi-delikli-sil-beyaz-polipropilen-renksiz-10mm-flor-icermez\/"},"modified":"2024-06-20T15:08:15","modified_gmt":"2024-06-20T13:08:15","slug":"vidali-kapak-n-9-pp-mavi-delikli-sil-beyaz-polipropilen-renksiz-10mm-flor-icermez","status":"publish","type":"product","link":"https:\/\/develop.eam-scientific.com\/tr\/produkt\/vidali-kapak-n-9-pp-mavi-delikli-sil-beyaz-polipropilen-renksiz-10mm-flor-icermez\/","title":{"rendered":"vidal\u0131 kapak, N 9, PP, mavi, delikli, sil. beyaz\/polipropilen renksiz, 1,0mm, flor i\u00e7ermez"},"content":{"rendered":"<p>Kapak PTFE yerine polipropilen ile lamine edilmi\u015ftir (flor i\u00e7ermez), bu da onu florlu organik maddelerin analizi i\u00e7in uygun hale getirir (\u00f6rn. PFAS analizi).<\/p>\n","protected":false},"excerpt":{"rendered":"<p>Kapak PTFE yerine polipropilen ile lamine edilmi\u015ftir (flor i\u00e7ermez), bu da onu florlu organik maddelerin analizi i\u00e7in uygun hale getirir (\u00f6rn. PFAS analizi).<\/p>\n","protected":false},"featured_media":9240,"comment_status":"open","ping_status":"closed","template":"","meta":[],"product_cat":[98,97,67,92],"product_tag":[],"class_list":{"0":"post-12995","1":"product","2":"type-product","3":"status-publish","4":"has-post-thumbnail","6":"product_cat-kapaklar-ve-septalar","7":"product_cat-kapanislar","8":"product_cat-kromatografi","9":"product_cat-vial-ve-kapaklar","11":"first","12":"instock","13":"shipping-taxable","14":"product-type-simple"},"_links":{"self":[{"href":"https:\/\/develop.eam-scientific.com\/tr\/wp-json\/wp\/v2\/product\/12995","targetHints":{"allow":["GET"]}}],"collection":[{"href":"https:\/\/develop.eam-scientific.com\/tr\/wp-json\/wp\/v2\/product"}],"about":[{"href":"https:\/\/develop.eam-scientific.com\/tr\/wp-json\/wp\/v2\/types\/product"}],"replies":[{"embeddable":true,"href":"https:\/\/develop.eam-scientific.com\/tr\/wp-json\/wp\/v2\/comments?post=12995"}],"wp:featuredmedia":[{"embeddable":true,"href":"https:\/\/develop.eam-scientific.com\/tr\/wp-json\/wp\/v2\/media\/9240"}],"wp:attachment":[{"href":"https:\/\/develop.eam-scientific.com\/tr\/wp-json\/wp\/v2\/media?parent=12995"}],"wp:term":[{"taxonomy":"product_cat","embeddable":true,"href":"https:\/\/develop.eam-scientific.com\/tr\/wp-json\/wp\/v2\/product_cat?post=12995"},{"taxonomy":"product_tag","embeddable":true,"href":"https:\/\/develop.eam-scientific.com\/tr\/wp-json\/wp\/v2\/product_tag?post=12995"}],"curies":[{"name":"wp","href":"https:\/\/api.w.org\/{rel}","templated":true}]}}