{"id":13000,"date":"2024-06-20T15:08:15","date_gmt":"2024-06-20T13:08:15","guid":{"rendered":"http:\/\/develop.eam-scientific.com\/produkt\/jant-kilidi-n-11-alueminyum-guemues-delik-dogal-yueksuek-etfe-10-mm\/"},"modified":"2024-06-28T10:18:40","modified_gmt":"2024-06-28T08:18:40","slug":"jant-kilidi-n-11-alueminyum-guemues-delik-dogal-yueksuek-etfe-10-mm","status":"publish","type":"product","link":"https:\/\/develop.eam-scientific.com\/tr\/produkt\/jant-kilidi-n-11-alueminyum-guemues-delik-dogal-yueksuek-etfe-10-mm\/","title":{"rendered":"Jant kilidi, N 11, al\u00fcminyum, mavi, delik, do\u011fal y\u00fcks\u00fck\/ETFE, 1,0 mm"},"content":{"rendered":"<p>Molek\u00fcler yap\u0131s\u0131 nedeniyle do\u011fal kau\u00e7uk en iyi s\u0131zd\u0131rmazl\u0131k \u00f6zelliklerine sahiptir. Ancak bu ayn\u0131 zamanda n\u00fcfuz etmesini zorla\u015ft\u0131r\u0131r ve daha yumu\u015fak olan k\u0131rm\u0131z\u0131 kau\u00e7uk\/FEP malzemeye g\u00f6re daha fazla par\u00e7alan\u0131r. Do\u011fal bir \u00fcr\u00fcn olarak, analitik safl\u0131\u011f\u0131 da sentetik septa malzemelerinden daha d\u00fc\u015f\u00fckt\u00fcr.<\/p>\n","protected":false},"excerpt":{"rendered":"<p>Molek\u00fcler yap\u0131s\u0131 nedeniyle do\u011fal kau\u00e7uk en iyi s\u0131zd\u0131rmazl\u0131k \u00f6zelliklerine sahiptir. Ancak bu ayn\u0131 zamanda n\u00fcfuz etmesini zorla\u015ft\u0131r\u0131r ve daha yumu\u015fak olan k\u0131rm\u0131z\u0131 kau\u00e7uk\/FEP malzemeye g\u00f6re daha fazla par\u00e7alan\u0131r. Do\u011fal bir \u00fcr\u00fcn olarak, analitik safl\u0131\u011f\u0131 da sentetik septa malzemelerinden daha d\u00fc\u015f\u00fckt\u00fcr.<\/p>\n","protected":false},"featured_media":15800,"comment_status":"open","ping_status":"closed","template":"","meta":[],"product_cat":[98,97,67,92],"product_tag":[],"class_list":{"0":"post-13000","1":"product","2":"type-product","3":"status-publish","4":"has-post-thumbnail","6":"product_cat-kapaklar-ve-septalar","7":"product_cat-kapanislar","8":"product_cat-kromatografi","9":"product_cat-vial-ve-kapaklar","11":"first","12":"instock","13":"shipping-taxable","14":"product-type-simple"},"_links":{"self":[{"href":"https:\/\/develop.eam-scientific.com\/tr\/wp-json\/wp\/v2\/product\/13000","targetHints":{"allow":["GET"]}}],"collection":[{"href":"https:\/\/develop.eam-scientific.com\/tr\/wp-json\/wp\/v2\/product"}],"about":[{"href":"https:\/\/develop.eam-scientific.com\/tr\/wp-json\/wp\/v2\/types\/product"}],"replies":[{"embeddable":true,"href":"https:\/\/develop.eam-scientific.com\/tr\/wp-json\/wp\/v2\/comments?post=13000"}],"wp:featuredmedia":[{"embeddable":true,"href":"https:\/\/develop.eam-scientific.com\/tr\/wp-json\/wp\/v2\/media\/15800"}],"wp:attachment":[{"href":"https:\/\/develop.eam-scientific.com\/tr\/wp-json\/wp\/v2\/media?parent=13000"}],"wp:term":[{"taxonomy":"product_cat","embeddable":true,"href":"https:\/\/develop.eam-scientific.com\/tr\/wp-json\/wp\/v2\/product_cat?post=13000"},{"taxonomy":"product_tag","embeddable":true,"href":"https:\/\/develop.eam-scientific.com\/tr\/wp-json\/wp\/v2\/product_tag?post=13000"}],"curies":[{"name":"wp","href":"https:\/\/api.w.org\/{rel}","templated":true}]}}