{"id":13001,"date":"2024-06-20T15:08:15","date_gmt":"2024-06-20T13:08:15","guid":{"rendered":"http:\/\/develop.eam-scientific.com\/produkt\/havsa-kapagi-n-11-alueminyum-delik-dogal-kaucuk-buetil-tef-10-mm\/"},"modified":"2024-06-20T15:08:15","modified_gmt":"2024-06-20T13:08:15","slug":"havsa-kapagi-n-11-alueminyum-delik-dogal-kaucuk-buetil-tef-10-mm","status":"publish","type":"product","link":"https:\/\/develop.eam-scientific.com\/tr\/produkt\/havsa-kapagi-n-11-alueminyum-delik-dogal-kaucuk-buetil-tef-10-mm\/","title":{"rendered":"Hav\u015fa kapa\u011f\u0131, N 11, al\u00fcminyum, delik, do\u011fal kau\u00e7uk\/b\u00fctil\/TEF, 1,0 mm"},"content":{"rendered":"<p>Bu ba\u011flant\u0131 eleman\u0131, 11 mm al\u00fcminyum geni\u015fletilmi\u015f ba\u011flant\u0131 elemanlar\u0131ndan olu\u015fan geni\u015f \u00fcr\u00fcn yelpazemizin bir par\u00e7as\u0131d\u0131r. K\u0131rm\u0131z\u0131 Kau\u00e7uk\/FEP kapa\u011f\u0131n yan\u0131 s\u0131ra, rutin analizler i\u00e7in en pop\u00fcler olanlardan biridir. Bir\u00e7ok k\u0131vr\u0131ml\u0131 kapak, farkl\u0131 numune t\u00fcrlerini, laboratuvarlar\u0131 veya katmanlar\u0131 i\u015faretlemek i\u00e7in kullan\u0131labilecek farkl\u0131 kapak renkleriyle de mevcuttur.<\/p>\n","protected":false},"excerpt":{"rendered":"<p>Bu ba\u011flant\u0131 eleman\u0131, 11 mm al\u00fcminyum geni\u015fletilmi\u015f ba\u011flant\u0131 elemanlar\u0131ndan olu\u015fan geni\u015f \u00fcr\u00fcn yelpazemizin bir par\u00e7as\u0131d\u0131r. K\u0131rm\u0131z\u0131 Kau\u00e7uk\/FEP kapa\u011f\u0131n yan\u0131 s\u0131ra, rutin analizler i\u00e7in en pop\u00fcler olanlardan biridir. Bir\u00e7ok k\u0131vr\u0131ml\u0131 kapak, farkl\u0131 numune t\u00fcrlerini, laboratuvarlar\u0131 veya katmanlar\u0131 i\u015faretlemek i\u00e7in kullan\u0131labilecek farkl\u0131 kapak renkleriyle de mevcuttur.<\/p>\n","protected":false},"featured_media":9232,"comment_status":"open","ping_status":"closed","template":"","meta":[],"product_cat":[98,97,67,92],"product_tag":[],"class_list":{"0":"post-13001","1":"product","2":"type-product","3":"status-publish","4":"has-post-thumbnail","6":"product_cat-kapaklar-ve-septalar","7":"product_cat-kapanislar","8":"product_cat-kromatografi","9":"product_cat-vial-ve-kapaklar","11":"first","12":"instock","13":"shipping-taxable","14":"product-type-simple"},"_links":{"self":[{"href":"https:\/\/develop.eam-scientific.com\/tr\/wp-json\/wp\/v2\/product\/13001","targetHints":{"allow":["GET"]}}],"collection":[{"href":"https:\/\/develop.eam-scientific.com\/tr\/wp-json\/wp\/v2\/product"}],"about":[{"href":"https:\/\/develop.eam-scientific.com\/tr\/wp-json\/wp\/v2\/types\/product"}],"replies":[{"embeddable":true,"href":"https:\/\/develop.eam-scientific.com\/tr\/wp-json\/wp\/v2\/comments?post=13001"}],"wp:featuredmedia":[{"embeddable":true,"href":"https:\/\/develop.eam-scientific.com\/tr\/wp-json\/wp\/v2\/media\/9232"}],"wp:attachment":[{"href":"https:\/\/develop.eam-scientific.com\/tr\/wp-json\/wp\/v2\/media?parent=13001"}],"wp:term":[{"taxonomy":"product_cat","embeddable":true,"href":"https:\/\/develop.eam-scientific.com\/tr\/wp-json\/wp\/v2\/product_cat?post=13001"},{"taxonomy":"product_tag","embeddable":true,"href":"https:\/\/develop.eam-scientific.com\/tr\/wp-json\/wp\/v2\/product_tag?post=13001"}],"curies":[{"name":"wp","href":"https:\/\/api.w.org\/{rel}","templated":true}]}}