{"id":13018,"date":"2024-06-20T15:07:53","date_gmt":"2024-06-20T13:07:53","guid":{"rendered":"http:\/\/develop.eam-scientific.com\/produkt\/vidali-kapak-n-24-polipropilen-beyaz-delikli-septumsuz\/"},"modified":"2024-06-20T15:07:53","modified_gmt":"2024-06-20T13:07:53","slug":"vidali-kapak-n-24-polipropilen-beyaz-delikli-septumsuz","status":"publish","type":"product","link":"https:\/\/develop.eam-scientific.com\/tr\/produkt\/vidali-kapak-n-24-polipropilen-beyaz-delikli-septumsuz\/","title":{"rendered":"Vidal\u0131 kapak, N 24, polipropilen, beyaz, delikli, septumsuz"},"content":{"rendered":"<p>T\u00fcm septa N 22 ile kullan\u0131labilir.<\/p>\n","protected":false},"excerpt":{"rendered":"<p>T\u00fcm septa N 22 ile kullan\u0131labilir.<\/p>\n","protected":false},"featured_media":9214,"comment_status":"open","ping_status":"closed","template":"","meta":[],"product_cat":[98,97,67,92],"product_tag":[],"class_list":{"0":"post-13018","1":"product","2":"type-product","3":"status-publish","4":"has-post-thumbnail","6":"product_cat-kapaklar-ve-septalar","7":"product_cat-kapanislar","8":"product_cat-kromatografi","9":"product_cat-vial-ve-kapaklar","11":"first","12":"instock","13":"shipping-taxable","14":"product-type-simple"},"_links":{"self":[{"href":"https:\/\/develop.eam-scientific.com\/tr\/wp-json\/wp\/v2\/product\/13018","targetHints":{"allow":["GET"]}}],"collection":[{"href":"https:\/\/develop.eam-scientific.com\/tr\/wp-json\/wp\/v2\/product"}],"about":[{"href":"https:\/\/develop.eam-scientific.com\/tr\/wp-json\/wp\/v2\/types\/product"}],"replies":[{"embeddable":true,"href":"https:\/\/develop.eam-scientific.com\/tr\/wp-json\/wp\/v2\/comments?post=13018"}],"wp:featuredmedia":[{"embeddable":true,"href":"https:\/\/develop.eam-scientific.com\/tr\/wp-json\/wp\/v2\/media\/9214"}],"wp:attachment":[{"href":"https:\/\/develop.eam-scientific.com\/tr\/wp-json\/wp\/v2\/media?parent=13018"}],"wp:term":[{"taxonomy":"product_cat","embeddable":true,"href":"https:\/\/develop.eam-scientific.com\/tr\/wp-json\/wp\/v2\/product_cat?post=13018"},{"taxonomy":"product_tag","embeddable":true,"href":"https:\/\/develop.eam-scientific.com\/tr\/wp-json\/wp\/v2\/product_tag?post=13018"}],"curies":[{"name":"wp","href":"https:\/\/api.w.org\/{rel}","templated":true}]}}