{"id":13029,"date":"2024-06-20T15:07:53","date_gmt":"2024-06-20T13:07:53","guid":{"rendered":"http:\/\/develop.eam-scientific.com\/produkt\/vidali-kapak-bagli-n-24-pp-beyaz-kapali-silikon-w-ptfe-bej-32-mm\/"},"modified":"2024-06-20T15:07:53","modified_gmt":"2024-06-20T13:07:53","slug":"vidali-kapak-bagli-n-24-pp-beyaz-kapali-silikon-w-ptfe-bej-32-mm","status":"publish","type":"product","link":"https:\/\/develop.eam-scientific.com\/tr\/produkt\/vidali-kapak-bagli-n-24-pp-beyaz-kapali-silikon-w-ptfe-bej-32-mm\/","title":{"rendered":"Vidal\u0131 kapak (ba\u011fl\u0131), N 24, PP, beyaz, kapal\u0131, silikon w.\/PTFE bej, 3,2 mm"},"content":{"rendered":"<p>B\u00fcy\u00fck hacimli numunelerin saklanmas\u0131 i\u00e7in yap\u0131\u015ft\u0131r\u0131lm\u0131\u015f vidal\u0131 kapak N 24. Septum kapa\u011fa s\u0131k\u0131ca tutturulmu\u015ftur; \u00e7\u0131kar\u0131lamaz.<\/p>\n","protected":false},"excerpt":{"rendered":"<p>B\u00fcy\u00fck hacimli numunelerin saklanmas\u0131 i\u00e7in yap\u0131\u015ft\u0131r\u0131lm\u0131\u015f vidal\u0131 kapak N 24. Septum kapa\u011fa s\u0131k\u0131ca tutturulmu\u015ftur; \u00e7\u0131kar\u0131lamaz.<\/p>\n","protected":false},"featured_media":9208,"comment_status":"open","ping_status":"closed","template":"","meta":[],"product_cat":[98,97,67,92],"product_tag":[],"class_list":{"0":"post-13029","1":"product","2":"type-product","3":"status-publish","4":"has-post-thumbnail","6":"product_cat-kapaklar-ve-septalar","7":"product_cat-kapanislar","8":"product_cat-kromatografi","9":"product_cat-vial-ve-kapaklar","11":"first","12":"instock","13":"shipping-taxable","14":"product-type-simple"},"_links":{"self":[{"href":"https:\/\/develop.eam-scientific.com\/tr\/wp-json\/wp\/v2\/product\/13029","targetHints":{"allow":["GET"]}}],"collection":[{"href":"https:\/\/develop.eam-scientific.com\/tr\/wp-json\/wp\/v2\/product"}],"about":[{"href":"https:\/\/develop.eam-scientific.com\/tr\/wp-json\/wp\/v2\/types\/product"}],"replies":[{"embeddable":true,"href":"https:\/\/develop.eam-scientific.com\/tr\/wp-json\/wp\/v2\/comments?post=13029"}],"wp:featuredmedia":[{"embeddable":true,"href":"https:\/\/develop.eam-scientific.com\/tr\/wp-json\/wp\/v2\/media\/9208"}],"wp:attachment":[{"href":"https:\/\/develop.eam-scientific.com\/tr\/wp-json\/wp\/v2\/media?parent=13029"}],"wp:term":[{"taxonomy":"product_cat","embeddable":true,"href":"https:\/\/develop.eam-scientific.com\/tr\/wp-json\/wp\/v2\/product_cat?post=13029"},{"taxonomy":"product_tag","embeddable":true,"href":"https:\/\/develop.eam-scientific.com\/tr\/wp-json\/wp\/v2\/product_tag?post=13029"}],"curies":[{"name":"wp","href":"https:\/\/api.w.org\/{rel}","templated":true}]}}