{"id":13040,"date":"2024-06-20T15:07:53","date_gmt":"2024-06-20T13:07:53","guid":{"rendered":"http:\/\/develop.eam-scientific.com\/produkt\/vidali-kapak-n-8-pp-siyah-delikli-silikon-w-ptfe-mavi-oluklu-1-0mm\/"},"modified":"2024-06-20T15:07:53","modified_gmt":"2024-06-20T13:07:53","slug":"vidali-kapak-n-8-pp-siyah-delikli-silikon-w-ptfe-mavi-oluklu-1-0mm","status":"publish","type":"product","link":"https:\/\/develop.eam-scientific.com\/tr\/produkt\/vidali-kapak-n-8-pp-siyah-delikli-silikon-w-ptfe-mavi-oluklu-1-0mm\/","title":{"rendered":"Vidal\u0131 kapak, N 8, PP, siyah, delikli, silikon w.\/PTFE mavi, oluklu, 1.0mm"},"content":{"rendered":"<p>Bu N 8 vidal\u0131 kapaklar, dar (standart) a\u00e7\u0131kl\u0131\u011fa sahip 8-425 di\u015fli \u015fi\u015feleri kapatmak i\u00e7in uygundur. Bu tip yuval\u0131 kapaklar HPLC analizi i\u00e7in \u00e7ok pop\u00fclerdir.<\/p>\n","protected":false},"excerpt":{"rendered":"<p>Bu N 8 vidal\u0131 kapaklar, dar (standart) a\u00e7\u0131kl\u0131\u011fa sahip 8-425 di\u015fli \u015fi\u015feleri kapatmak i\u00e7in uygundur. Bu tip yuval\u0131 kapaklar HPLC analizi i\u00e7in \u00e7ok pop\u00fclerdir.<\/p>\n","protected":false},"featured_media":9198,"comment_status":"open","ping_status":"closed","template":"","meta":[],"product_cat":[98,97,67,92],"product_tag":[],"class_list":{"0":"post-13040","1":"product","2":"type-product","3":"status-publish","4":"has-post-thumbnail","6":"product_cat-kapaklar-ve-septalar","7":"product_cat-kapanislar","8":"product_cat-kromatografi","9":"product_cat-vial-ve-kapaklar","11":"first","12":"instock","13":"shipping-taxable","14":"product-type-simple"},"_links":{"self":[{"href":"https:\/\/develop.eam-scientific.com\/tr\/wp-json\/wp\/v2\/product\/13040","targetHints":{"allow":["GET"]}}],"collection":[{"href":"https:\/\/develop.eam-scientific.com\/tr\/wp-json\/wp\/v2\/product"}],"about":[{"href":"https:\/\/develop.eam-scientific.com\/tr\/wp-json\/wp\/v2\/types\/product"}],"replies":[{"embeddable":true,"href":"https:\/\/develop.eam-scientific.com\/tr\/wp-json\/wp\/v2\/comments?post=13040"}],"wp:featuredmedia":[{"embeddable":true,"href":"https:\/\/develop.eam-scientific.com\/tr\/wp-json\/wp\/v2\/media\/9198"}],"wp:attachment":[{"href":"https:\/\/develop.eam-scientific.com\/tr\/wp-json\/wp\/v2\/media?parent=13040"}],"wp:term":[{"taxonomy":"product_cat","embeddable":true,"href":"https:\/\/develop.eam-scientific.com\/tr\/wp-json\/wp\/v2\/product_cat?post=13040"},{"taxonomy":"product_tag","embeddable":true,"href":"https:\/\/develop.eam-scientific.com\/tr\/wp-json\/wp\/v2\/product_tag?post=13040"}],"curies":[{"name":"wp","href":"https:\/\/api.w.org\/{rel}","templated":true}]}}