{"id":13045,"date":"2024-06-20T15:07:53","date_gmt":"2024-06-20T13:07:53","guid":{"rendered":"http:\/\/develop.eam-scientific.com\/produkt\/gecmeli-halka-kapama-n-11-pe-seffaf-kapali-septumsuz-ince-delinme-boelgesi\/"},"modified":"2024-06-20T15:07:53","modified_gmt":"2024-06-20T13:07:53","slug":"gecmeli-halka-kapama-n-11-pe-seffaf-kapali-septumsuz-ince-delinme-boelgesi","status":"publish","type":"product","link":"https:\/\/develop.eam-scientific.com\/tr\/produkt\/gecmeli-halka-kapama-n-11-pe-seffaf-kapali-septumsuz-ince-delinme-boelgesi\/","title":{"rendered":"Ge\u00e7meli halka kapama, N 11, PE, \u015feffaf, kapal\u0131, septumsuz, ince delinme b\u00f6lgesi"},"content":{"rendered":"<p>\u00c7\u0131t\u00e7\u0131tl\u0131 \u015fi\u015feler ve rulo a\u011f\u0131zl\u0131 \u015fi\u015feler i\u00e7in basit basmal\u0131 kapak. \u0130\u011fnenin g\u00fcvenli penetrasyonu i\u00e7in inceltilmi\u015f ponksiyon b\u00f6lgesi.<\/p>\n","protected":false},"excerpt":{"rendered":"<p>\u00c7\u0131t\u00e7\u0131tl\u0131 \u015fi\u015feler ve rulo a\u011f\u0131zl\u0131 \u015fi\u015feler i\u00e7in basit basmal\u0131 kapak. \u0130\u011fnenin g\u00fcvenli penetrasyonu i\u00e7in inceltilmi\u015f ponksiyon b\u00f6lgesi.<\/p>\n","protected":false},"featured_media":9190,"comment_status":"open","ping_status":"closed","template":"","meta":[],"product_cat":[98,97,67,92],"product_tag":[],"class_list":{"0":"post-13045","1":"product","2":"type-product","3":"status-publish","4":"has-post-thumbnail","6":"product_cat-kapaklar-ve-septalar","7":"product_cat-kapanislar","8":"product_cat-kromatografi","9":"product_cat-vial-ve-kapaklar","11":"first","12":"instock","13":"shipping-taxable","14":"product-type-simple"},"_links":{"self":[{"href":"https:\/\/develop.eam-scientific.com\/tr\/wp-json\/wp\/v2\/product\/13045","targetHints":{"allow":["GET"]}}],"collection":[{"href":"https:\/\/develop.eam-scientific.com\/tr\/wp-json\/wp\/v2\/product"}],"about":[{"href":"https:\/\/develop.eam-scientific.com\/tr\/wp-json\/wp\/v2\/types\/product"}],"replies":[{"embeddable":true,"href":"https:\/\/develop.eam-scientific.com\/tr\/wp-json\/wp\/v2\/comments?post=13045"}],"wp:featuredmedia":[{"embeddable":true,"href":"https:\/\/develop.eam-scientific.com\/tr\/wp-json\/wp\/v2\/media\/9190"}],"wp:attachment":[{"href":"https:\/\/develop.eam-scientific.com\/tr\/wp-json\/wp\/v2\/media?parent=13045"}],"wp:term":[{"taxonomy":"product_cat","embeddable":true,"href":"https:\/\/develop.eam-scientific.com\/tr\/wp-json\/wp\/v2\/product_cat?post=13045"},{"taxonomy":"product_tag","embeddable":true,"href":"https:\/\/develop.eam-scientific.com\/tr\/wp-json\/wp\/v2\/product_tag?post=13045"}],"curies":[{"name":"wp","href":"https:\/\/api.w.org\/{rel}","templated":true}]}}