{"id":13050,"date":"2024-06-20T15:07:53","date_gmt":"2024-06-20T13:07:53","guid":{"rendered":"http:\/\/develop.eam-scientific.com\/produkt\/vidali-kapak-bagli-n-9ppmavideliksil-bej-ptfe-w-oluklu13mm\/"},"modified":"2024-06-20T15:07:53","modified_gmt":"2024-06-20T13:07:53","slug":"vidali-kapak-bagli-n-9ppmavideliksil-bej-ptfe-w-oluklu13mm","status":"publish","type":"product","link":"https:\/\/develop.eam-scientific.com\/tr\/produkt\/vidali-kapak-bagli-n-9ppmavideliksil-bej-ptfe-w-oluklu13mm\/","title":{"rendered":"Vidal\u0131 kapak (ba\u011fl\u0131), N 9,PP,mavi,delik,sil. bej\/PTFE w.,oluklu,1,3mm"},"content":{"rendered":"<p>Oluklu silikon\/PTFE s\u0131zd\u0131rmazl\u0131k disklerine sahip yap\u0131\u015ft\u0131r\u0131lm\u0131\u015f vidal\u0131 kapaklar N 9, Waters otomatik \u00f6rnekleyicilerde kullan\u0131m i\u00e7in tipik \u00fcr\u00fcnlerdir. Kal\u0131n ve k\u00fct i\u011fneleri, penetrasyon s\u0131ras\u0131nda monte edilmi\u015f s\u0131zd\u0131rmazl\u0131k disklerini \u015fi\u015felere bast\u0131rma e\u011filimindedir, bu da s\u0131zd\u0131rmazl\u0131k diskinin yap\u0131\u015ft\u0131r\u0131lm\u0131\u015f kapaklara s\u0131k\u0131ca sabitlenmesiyle \u00f6nlenebilir. Yar\u0131k, \u00e7oklu enjeksiyonlar s\u0131ras\u0131nda \u015fi\u015fenin i\u00e7inde vakum olu\u015fmas\u0131n\u0131 \u00f6nler. Septa kapa\u011fa s\u0131k\u0131ca tutturulmu\u015ftur ve \u00e7\u0131kar\u0131lamaz.<\/p>\n","protected":false},"excerpt":{"rendered":"<p>Oluklu silikon\/PTFE s\u0131zd\u0131rmazl\u0131k disklerine sahip yap\u0131\u015ft\u0131r\u0131lm\u0131\u015f vidal\u0131 kapaklar N 9, Waters otomatik \u00f6rnekleyicilerde kullan\u0131m i\u00e7in tipik \u00fcr\u00fcnlerdir. Kal\u0131n ve k\u00fct i\u011fneleri, penetrasyon s\u0131ras\u0131nda monte edilmi\u015f s\u0131zd\u0131rmazl\u0131k disklerini \u015fi\u015felere bast\u0131rma e\u011filimindedir, bu da s\u0131zd\u0131rmazl\u0131k diskinin yap\u0131\u015ft\u0131r\u0131lm\u0131\u015f kapaklara s\u0131k\u0131ca sabitlenmesiyle \u00f6nlenebilir. Yar\u0131k, \u00e7oklu enjeksiyonlar s\u0131ras\u0131nda \u015fi\u015fenin i\u00e7inde vakum olu\u015fmas\u0131n\u0131 \u00f6nler. Septa kapa\u011fa s\u0131k\u0131ca tutturulmu\u015ftur ve \u00e7\u0131kar\u0131lamaz.<\/p>\n","protected":false},"featured_media":9188,"comment_status":"open","ping_status":"closed","template":"","meta":[],"product_cat":[98,97,67,92],"product_tag":[],"class_list":{"0":"post-13050","1":"product","2":"type-product","3":"status-publish","4":"has-post-thumbnail","6":"product_cat-kapaklar-ve-septalar","7":"product_cat-kapanislar","8":"product_cat-kromatografi","9":"product_cat-vial-ve-kapaklar","11":"first","12":"instock","13":"shipping-taxable","14":"product-type-simple"},"_links":{"self":[{"href":"https:\/\/develop.eam-scientific.com\/tr\/wp-json\/wp\/v2\/product\/13050","targetHints":{"allow":["GET"]}}],"collection":[{"href":"https:\/\/develop.eam-scientific.com\/tr\/wp-json\/wp\/v2\/product"}],"about":[{"href":"https:\/\/develop.eam-scientific.com\/tr\/wp-json\/wp\/v2\/types\/product"}],"replies":[{"embeddable":true,"href":"https:\/\/develop.eam-scientific.com\/tr\/wp-json\/wp\/v2\/comments?post=13050"}],"wp:featuredmedia":[{"embeddable":true,"href":"https:\/\/develop.eam-scientific.com\/tr\/wp-json\/wp\/v2\/media\/9188"}],"wp:attachment":[{"href":"https:\/\/develop.eam-scientific.com\/tr\/wp-json\/wp\/v2\/media?parent=13050"}],"wp:term":[{"taxonomy":"product_cat","embeddable":true,"href":"https:\/\/develop.eam-scientific.com\/tr\/wp-json\/wp\/v2\/product_cat?post=13050"},{"taxonomy":"product_tag","embeddable":true,"href":"https:\/\/develop.eam-scientific.com\/tr\/wp-json\/wp\/v2\/product_tag?post=13050"}],"curies":[{"name":"wp","href":"https:\/\/api.w.org\/{rel}","templated":true}]}}