{"id":13052,"date":"2024-06-20T15:07:53","date_gmt":"2024-06-20T13:07:53","guid":{"rendered":"http:\/\/develop.eam-scientific.com\/produkt\/vidali-kapak-n-9-pp-mavi-kapali-silikon-beyaz-ptfe-kirmizi-10-mm\/"},"modified":"2024-06-20T15:07:53","modified_gmt":"2024-06-20T13:07:53","slug":"vidali-kapak-n-9-pp-mavi-kapali-silikon-beyaz-ptfe-kirmizi-10-mm","status":"publish","type":"product","link":"https:\/\/develop.eam-scientific.com\/tr\/produkt\/vidali-kapak-n-9-pp-mavi-kapali-silikon-beyaz-ptfe-kirmizi-10-mm\/","title":{"rendered":"Vidal\u0131 kapak, N 9, PP, mavi, kapal\u0131, silikon beyaz\/PTFE k\u0131rm\u0131z\u0131, 1,0 mm"},"content":{"rendered":"<p>Analitik olarak y\u00fcksek safl\u0131kta silikon\/PTFE septum ile numune saklama i\u00e7in kapatma.<\/p>\n","protected":false},"excerpt":{"rendered":"<p>Analitik olarak y\u00fcksek safl\u0131kta silikon\/PTFE septum ile numune saklama i\u00e7in kapatma.<\/p>\n","protected":false},"featured_media":9182,"comment_status":"open","ping_status":"closed","template":"","meta":[],"product_cat":[98,97,67,92],"product_tag":[],"class_list":{"0":"post-13052","1":"product","2":"type-product","3":"status-publish","4":"has-post-thumbnail","6":"product_cat-kapaklar-ve-septalar","7":"product_cat-kapanislar","8":"product_cat-kromatografi","9":"product_cat-vial-ve-kapaklar","11":"first","12":"instock","13":"shipping-taxable","14":"product-type-simple"},"_links":{"self":[{"href":"https:\/\/develop.eam-scientific.com\/tr\/wp-json\/wp\/v2\/product\/13052","targetHints":{"allow":["GET"]}}],"collection":[{"href":"https:\/\/develop.eam-scientific.com\/tr\/wp-json\/wp\/v2\/product"}],"about":[{"href":"https:\/\/develop.eam-scientific.com\/tr\/wp-json\/wp\/v2\/types\/product"}],"replies":[{"embeddable":true,"href":"https:\/\/develop.eam-scientific.com\/tr\/wp-json\/wp\/v2\/comments?post=13052"}],"wp:featuredmedia":[{"embeddable":true,"href":"https:\/\/develop.eam-scientific.com\/tr\/wp-json\/wp\/v2\/media\/9182"}],"wp:attachment":[{"href":"https:\/\/develop.eam-scientific.com\/tr\/wp-json\/wp\/v2\/media?parent=13052"}],"wp:term":[{"taxonomy":"product_cat","embeddable":true,"href":"https:\/\/develop.eam-scientific.com\/tr\/wp-json\/wp\/v2\/product_cat?post=13052"},{"taxonomy":"product_tag","embeddable":true,"href":"https:\/\/develop.eam-scientific.com\/tr\/wp-json\/wp\/v2\/product_tag?post=13052"}],"curies":[{"name":"wp","href":"https:\/\/api.w.org\/{rel}","templated":true}]}}