{"id":13053,"date":"2024-06-20T15:07:53","date_gmt":"2024-06-20T13:07:53","guid":{"rendered":"http:\/\/develop.eam-scientific.com\/produkt\/havsa-kapagi-n-11-alueminyum-delikli-silikon-beyazi-ptfe-mavisi-capraz-yarikli-15-mm\/"},"modified":"2024-06-20T15:07:53","modified_gmt":"2024-06-20T13:07:53","slug":"havsa-kapagi-n-11-alueminyum-delikli-silikon-beyazi-ptfe-mavisi-capraz-yarikli-15-mm","status":"publish","type":"product","link":"https:\/\/develop.eam-scientific.com\/tr\/produkt\/havsa-kapagi-n-11-alueminyum-delikli-silikon-beyazi-ptfe-mavisi-capraz-yarikli-15-mm\/","title":{"rendered":"Hav\u015fa kapa\u011f\u0131, N 11, al\u00fcminyum, delikli, silikon beyaz\u0131\/PTFE mavisi, \u00e7apraz yar\u0131kl\u0131, 1,5 mm"},"content":{"rendered":"<p>Kal\u0131n\/k\u00f6r HPLC i\u011fneleri ile g\u00fcvenli penetrasyon i\u00e7in \u00e7apraz yar\u0131kl\u0131 silikon\/PTFE septum. \u00c7apraz yuva ayn\u0131 zamanda \u00e7oklu enjeksiyonlar s\u0131ras\u0131nda vakum olu\u015fumunu da \u00f6nler.<\/p>\n","protected":false},"excerpt":{"rendered":"<p>Kal\u0131n\/k\u00f6r HPLC i\u011fneleri ile g\u00fcvenli penetrasyon i\u00e7in \u00e7apraz yar\u0131kl\u0131 silikon\/PTFE septum. \u00c7apraz yuva ayn\u0131 zamanda \u00e7oklu enjeksiyonlar s\u0131ras\u0131nda vakum olu\u015fumunu da \u00f6nler.<\/p>\n","protected":false},"featured_media":9186,"comment_status":"open","ping_status":"closed","template":"","meta":[],"product_cat":[98,97,67,92],"product_tag":[],"class_list":{"0":"post-13053","1":"product","2":"type-product","3":"status-publish","4":"has-post-thumbnail","6":"product_cat-kapaklar-ve-septalar","7":"product_cat-kapanislar","8":"product_cat-kromatografi","9":"product_cat-vial-ve-kapaklar","11":"first","12":"instock","13":"shipping-taxable","14":"product-type-simple"},"_links":{"self":[{"href":"https:\/\/develop.eam-scientific.com\/tr\/wp-json\/wp\/v2\/product\/13053","targetHints":{"allow":["GET"]}}],"collection":[{"href":"https:\/\/develop.eam-scientific.com\/tr\/wp-json\/wp\/v2\/product"}],"about":[{"href":"https:\/\/develop.eam-scientific.com\/tr\/wp-json\/wp\/v2\/types\/product"}],"replies":[{"embeddable":true,"href":"https:\/\/develop.eam-scientific.com\/tr\/wp-json\/wp\/v2\/comments?post=13053"}],"wp:featuredmedia":[{"embeddable":true,"href":"https:\/\/develop.eam-scientific.com\/tr\/wp-json\/wp\/v2\/media\/9186"}],"wp:attachment":[{"href":"https:\/\/develop.eam-scientific.com\/tr\/wp-json\/wp\/v2\/media?parent=13053"}],"wp:term":[{"taxonomy":"product_cat","embeddable":true,"href":"https:\/\/develop.eam-scientific.com\/tr\/wp-json\/wp\/v2\/product_cat?post=13053"},{"taxonomy":"product_tag","embeddable":true,"href":"https:\/\/develop.eam-scientific.com\/tr\/wp-json\/wp\/v2\/product_tag?post=13053"}],"curies":[{"name":"wp","href":"https:\/\/api.w.org\/{rel}","templated":true}]}}