{"id":13056,"date":"2024-06-20T15:07:53","date_gmt":"2024-06-20T13:07:53","guid":{"rendered":"http:\/\/develop.eam-scientific.com\/produkt\/vidali-kapak-bagli-n-10-pp-siyah-delikli-kirmizi-kaucuk-tef-renksiz-1-0mm\/"},"modified":"2024-06-20T15:07:53","modified_gmt":"2024-06-20T13:07:53","slug":"vidali-kapak-bagli-n-10-pp-siyah-delikli-kirmizi-kaucuk-tef-renksiz-1-0mm","status":"publish","type":"product","link":"https:\/\/develop.eam-scientific.com\/tr\/produkt\/vidali-kapak-bagli-n-10-pp-siyah-delikli-kirmizi-kaucuk-tef-renksiz-1-0mm\/","title":{"rendered":"Vidal\u0131 kapak (ba\u011fl\u0131), N 10, PP, siyah, delikli, K\u0131rm\u0131z\u0131 Kau\u00e7uk\/TEF renksiz, 1.0mm"},"content":{"rendered":"<p>N 10 kapaklar genellikle Shimadzu (702046, 702047) ve Perkin Elmer otomatik \u00f6rnekleyicilerinde kullan\u0131l\u0131r. K\u0131rm\u0131z\u0131 Kau\u00e7uk\/FEP sadece rutin analizler i\u00e7in uygundur.<\/p>\n","protected":false},"excerpt":{"rendered":"<p>N 10 kapaklar genellikle Shimadzu (702046, 702047) ve Perkin Elmer otomatik \u00f6rnekleyicilerinde kullan\u0131l\u0131r. K\u0131rm\u0131z\u0131 Kau\u00e7uk\/FEP sadece rutin analizler i\u00e7in uygundur.<\/p>\n","protected":false},"featured_media":9180,"comment_status":"open","ping_status":"closed","template":"","meta":[],"product_cat":[98,97,67,92],"product_tag":[],"class_list":{"0":"post-13056","1":"product","2":"type-product","3":"status-publish","4":"has-post-thumbnail","6":"product_cat-kapaklar-ve-septalar","7":"product_cat-kapanislar","8":"product_cat-kromatografi","9":"product_cat-vial-ve-kapaklar","11":"first","12":"instock","13":"shipping-taxable","14":"product-type-simple"},"_links":{"self":[{"href":"https:\/\/develop.eam-scientific.com\/tr\/wp-json\/wp\/v2\/product\/13056","targetHints":{"allow":["GET"]}}],"collection":[{"href":"https:\/\/develop.eam-scientific.com\/tr\/wp-json\/wp\/v2\/product"}],"about":[{"href":"https:\/\/develop.eam-scientific.com\/tr\/wp-json\/wp\/v2\/types\/product"}],"replies":[{"embeddable":true,"href":"https:\/\/develop.eam-scientific.com\/tr\/wp-json\/wp\/v2\/comments?post=13056"}],"wp:featuredmedia":[{"embeddable":true,"href":"https:\/\/develop.eam-scientific.com\/tr\/wp-json\/wp\/v2\/media\/9180"}],"wp:attachment":[{"href":"https:\/\/develop.eam-scientific.com\/tr\/wp-json\/wp\/v2\/media?parent=13056"}],"wp:term":[{"taxonomy":"product_cat","embeddable":true,"href":"https:\/\/develop.eam-scientific.com\/tr\/wp-json\/wp\/v2\/product_cat?post=13056"},{"taxonomy":"product_tag","embeddable":true,"href":"https:\/\/develop.eam-scientific.com\/tr\/wp-json\/wp\/v2\/product_tag?post=13056"}],"curies":[{"name":"wp","href":"https:\/\/api.w.org\/{rel}","templated":true}]}}