{"id":13058,"date":"2024-06-20T15:18:27","date_gmt":"2024-06-20T13:18:27","guid":{"rendered":"http:\/\/develop.eam-scientific.com\/produkt\/cam-elyaf-vatka-silanlanmis-en-ince-elyaf-25-g\/"},"modified":"2024-06-20T15:18:27","modified_gmt":"2024-06-20T13:18:27","slug":"cam-elyaf-vatka-silanlanmis-en-ince-elyaf-25-g","status":"publish","type":"product","link":"https:\/\/develop.eam-scientific.com\/tr\/produkt\/cam-elyaf-vatka-silanlanmis-en-ince-elyaf-25-g\/","title":{"rendered":"Cam elyaf vatka, silanlanm\u0131\u015f, en ince elyaf, 25 g"},"content":{"rendered":"<p>Silanize edilmi\u015f ince lifli cam elyaf vatka. GC aksesuar\u0131 olarak kullan\u0131l\u0131r.<\/p>\n","protected":false},"excerpt":{"rendered":"<p>Silanize edilmi\u015f ince lifli cam elyaf vatka. GC aksesuar\u0131 olarak kullan\u0131l\u0131r.<\/p>\n","protected":false},"featured_media":9774,"comment_status":"open","ping_status":"closed","template":"","meta":[],"product_cat":[119,106,67],"product_tag":[],"class_list":{"0":"post-13058","1":"product","2":"type-product","3":"status-publish","4":"has-post-thumbnail","6":"product_cat-flas-aksesuarlari","7":"product_cat-flas-kromatografi-lc-sorbentleri","8":"product_cat-kromatografi","10":"first","11":"instock","12":"shipping-taxable","13":"product-type-simple"},"_links":{"self":[{"href":"https:\/\/develop.eam-scientific.com\/tr\/wp-json\/wp\/v2\/product\/13058","targetHints":{"allow":["GET"]}}],"collection":[{"href":"https:\/\/develop.eam-scientific.com\/tr\/wp-json\/wp\/v2\/product"}],"about":[{"href":"https:\/\/develop.eam-scientific.com\/tr\/wp-json\/wp\/v2\/types\/product"}],"replies":[{"embeddable":true,"href":"https:\/\/develop.eam-scientific.com\/tr\/wp-json\/wp\/v2\/comments?post=13058"}],"wp:featuredmedia":[{"embeddable":true,"href":"https:\/\/develop.eam-scientific.com\/tr\/wp-json\/wp\/v2\/media\/9774"}],"wp:attachment":[{"href":"https:\/\/develop.eam-scientific.com\/tr\/wp-json\/wp\/v2\/media?parent=13058"}],"wp:term":[{"taxonomy":"product_cat","embeddable":true,"href":"https:\/\/develop.eam-scientific.com\/tr\/wp-json\/wp\/v2\/product_cat?post=13058"},{"taxonomy":"product_tag","embeddable":true,"href":"https:\/\/develop.eam-scientific.com\/tr\/wp-json\/wp\/v2\/product_tag?post=13058"}],"curies":[{"name":"wp","href":"https:\/\/api.w.org\/{rel}","templated":true}]}}