{"id":13062,"date":"2024-06-20T15:18:27","date_gmt":"2024-06-20T13:18:27","guid":{"rendered":"http:\/\/develop.eam-scientific.com\/produkt\/chromabond-flas-baslangic-kiti\/"},"modified":"2024-06-20T15:18:27","modified_gmt":"2024-06-20T13:18:27","slug":"chromabond-flas-baslangic-kiti","status":"publish","type":"product","link":"https:\/\/develop.eam-scientific.com\/tr\/produkt\/chromabond-flas-baslangic-kiti\/","title":{"rendered":"CHROMABOND Fla\u015f Ba\u015flang\u0131\u00e7 Kiti"},"content":{"rendered":"<p>CHROMABOND Flash Ba\u015flang\u0131\u00e7 Kiti a\u015fa\u011f\u0131dakilerden olu\u015fur &#8211; 1\/8&#8243; PTFE hortum, ID 1,5 mm, uzunluk 3 m; 5 x 1\/4&#8243;-28 PP vida; 5 x 1\/8&#8243; ETFE y\u00fcks\u00fck; 5 x 1\/4&#8243;-28 naylon kaplin; 2 x 1\/4&#8243;-28 PP Luer-Locks di\u015fi; 1 x 1\/4&#8243;-28 PP Luer-Locks erkek; 1 x 1\/4&#8243;-28 PP Luer erkek<\/p>\n","protected":false},"excerpt":{"rendered":"<p>CHROMABOND Flash Ba\u015flang\u0131\u00e7 Kiti a\u015fa\u011f\u0131dakilerden olu\u015fur &#8211; 1\/8&#8243; PTFE hortum, ID 1,5 mm, uzunluk 3 m; 5 x 1\/4&#8243;-28 PP vida; 5 x 1\/8&#8243; ETFE y\u00fcks\u00fck; 5 x 1\/4&#8243;-28 naylon kaplin; 2 x 1\/4&#8243;-28 PP Luer-Locks di\u015fi; 1 x 1\/4&#8243;-28 PP Luer-Locks erkek; 1 x 1\/4&#8243;-28 PP Luer erkek<\/p>\n","protected":false},"featured_media":9772,"comment_status":"open","ping_status":"closed","template":"","meta":[],"product_cat":[119,106,67],"product_tag":[],"class_list":{"0":"post-13062","1":"product","2":"type-product","3":"status-publish","4":"has-post-thumbnail","6":"product_cat-flas-aksesuarlari","7":"product_cat-flas-kromatografi-lc-sorbentleri","8":"product_cat-kromatografi","10":"first","11":"instock","12":"shipping-taxable","13":"product-type-simple"},"_links":{"self":[{"href":"https:\/\/develop.eam-scientific.com\/tr\/wp-json\/wp\/v2\/product\/13062","targetHints":{"allow":["GET"]}}],"collection":[{"href":"https:\/\/develop.eam-scientific.com\/tr\/wp-json\/wp\/v2\/product"}],"about":[{"href":"https:\/\/develop.eam-scientific.com\/tr\/wp-json\/wp\/v2\/types\/product"}],"replies":[{"embeddable":true,"href":"https:\/\/develop.eam-scientific.com\/tr\/wp-json\/wp\/v2\/comments?post=13062"}],"wp:featuredmedia":[{"embeddable":true,"href":"https:\/\/develop.eam-scientific.com\/tr\/wp-json\/wp\/v2\/media\/9772"}],"wp:attachment":[{"href":"https:\/\/develop.eam-scientific.com\/tr\/wp-json\/wp\/v2\/media?parent=13062"}],"wp:term":[{"taxonomy":"product_cat","embeddable":true,"href":"https:\/\/develop.eam-scientific.com\/tr\/wp-json\/wp\/v2\/product_cat?post=13062"},{"taxonomy":"product_tag","embeddable":true,"href":"https:\/\/develop.eam-scientific.com\/tr\/wp-json\/wp\/v2\/product_tag?post=13062"}],"curies":[{"name":"wp","href":"https:\/\/api.w.org\/{rel}","templated":true}]}}