{"id":13069,"date":"2024-06-20T15:18:27","date_gmt":"2024-06-20T13:18:27","guid":{"rendered":"http:\/\/develop.eam-scientific.com\/produkt\/flas-kromatografi-kolonu-cam-adaptoerle-birlikte-450-mm-l-40-mm-id-bos\/"},"modified":"2024-06-20T15:18:27","modified_gmt":"2024-06-20T13:18:27","slug":"flas-kromatografi-kolonu-cam-adaptoerle-birlikte-450-mm-l-40-mm-id-bos","status":"publish","type":"product","link":"https:\/\/develop.eam-scientific.com\/tr\/produkt\/flas-kromatografi-kolonu-cam-adaptoerle-birlikte-450-mm-l-40-mm-id-bos\/","title":{"rendered":"Fla\u015f kromatografi kolonu, cam, adapt\u00f6rle birlikte, 450 mm L, 40 mm ID, bo\u015f"},"content":{"rendered":"<p>D\u00fc\u015f\u00fck bas\u0131n\u00e7l\u0131 fla\u015f kromatografi i\u00e7in cam kolonlar ve kitler. Bile\u015fikleri gram \u00f6l\u00e7e\u011fine kadar ay\u0131rmak i\u00e7in uygundur. Bu kolonlar genellikle yakla\u015f\u0131k 15 cm y\u00fcksekli\u011fe kadar doldurulur, \u00e7al\u0131\u015fma bas\u0131nc\u0131 1,5 ila 2 bar&#8217;d\u0131r. En yayg\u0131n kullan\u0131lan sorbent 40-63 \u03bcm partik\u00fcl boyutuna sahip silika jel 60&#8217;t\u0131r, ancak POLYGOPREP silika jellerimizin yan\u0131 s\u0131ra LC sorbent yelpazemizdeki di\u011fer \u00fcr\u00fcnleri de kullanabilirsiniz. &lt; 25 \u03bcm partik\u00fcl boyutlar\u0131 yaln\u0131zca \u00e7ok d\u00fc\u015f\u00fck viskoziteli mobil fazlarla kullan\u0131lmal\u0131d\u0131r, aksi takdirde geri bas\u0131n\u00e7 \u00e7ok y\u00fcksek olabilir. Bu s\u00fctunlar kullan\u0131c\u0131 taraf\u0131ndan paketlenir. Patlamaya kar\u015f\u0131 korumak i\u00e7in polietilen a\u011f ile donat\u0131lm\u0131\u015f adapt\u00f6r ve PTFE musluk ile birlikte fla\u015f kromatografi cam kolonlar\u0131.<\/p>\n","protected":false},"excerpt":{"rendered":"<p>D\u00fc\u015f\u00fck bas\u0131n\u00e7l\u0131 fla\u015f kromatografi i\u00e7in cam kolonlar ve kitler. Bile\u015fikleri gram \u00f6l\u00e7e\u011fine kadar ay\u0131rmak i\u00e7in uygundur. Bu kolonlar genellikle yakla\u015f\u0131k 15 cm y\u00fcksekli\u011fe kadar doldurulur, \u00e7al\u0131\u015fma bas\u0131nc\u0131 1,5 ila 2 bar&#8217;d\u0131r. En yayg\u0131n kullan\u0131lan sorbent 40-63 \u03bcm partik\u00fcl boyutuna sahip silika jel 60&#8217;t\u0131r, ancak POLYGOPREP silika jellerimizin yan\u0131 s\u0131ra LC sorbent yelpazemizdeki di\u011fer \u00fcr\u00fcnleri de [&hellip;]<\/p>\n","protected":false},"featured_media":9768,"comment_status":"open","ping_status":"closed","template":"","meta":[],"product_cat":[123,106,67],"product_tag":[],"class_list":{"0":"post-13069","1":"product","2":"type-product","3":"status-publish","4":"has-post-thumbnail","6":"product_cat-flas-cam-suetunlar","7":"product_cat-flas-kromatografi-lc-sorbentleri","8":"product_cat-kromatografi","10":"first","11":"instock","12":"shipping-taxable","13":"product-type-simple"},"_links":{"self":[{"href":"https:\/\/develop.eam-scientific.com\/tr\/wp-json\/wp\/v2\/product\/13069","targetHints":{"allow":["GET"]}}],"collection":[{"href":"https:\/\/develop.eam-scientific.com\/tr\/wp-json\/wp\/v2\/product"}],"about":[{"href":"https:\/\/develop.eam-scientific.com\/tr\/wp-json\/wp\/v2\/types\/product"}],"replies":[{"embeddable":true,"href":"https:\/\/develop.eam-scientific.com\/tr\/wp-json\/wp\/v2\/comments?post=13069"}],"wp:featuredmedia":[{"embeddable":true,"href":"https:\/\/develop.eam-scientific.com\/tr\/wp-json\/wp\/v2\/media\/9768"}],"wp:attachment":[{"href":"https:\/\/develop.eam-scientific.com\/tr\/wp-json\/wp\/v2\/media?parent=13069"}],"wp:term":[{"taxonomy":"product_cat","embeddable":true,"href":"https:\/\/develop.eam-scientific.com\/tr\/wp-json\/wp\/v2\/product_cat?post=13069"},{"taxonomy":"product_tag","embeddable":true,"href":"https:\/\/develop.eam-scientific.com\/tr\/wp-json\/wp\/v2\/product_tag?post=13069"}],"curies":[{"name":"wp","href":"https:\/\/api.w.org\/{rel}","templated":true}]}}