{"id":13080,"date":"2024-06-20T15:17:39","date_gmt":"2024-06-20T13:17:39","guid":{"rendered":"http:\/\/develop.eam-scientific.com\/produkt\/lc-ambalaj-malzemesi-sorbentler-doekme-alueminyum-oksit-noetr-alox-n\/"},"modified":"2024-06-20T15:17:39","modified_gmt":"2024-06-20T13:17:39","slug":"lc-ambalaj-malzemesi-sorbentler-doekme-alueminyum-oksit-noetr-alox-n","status":"publish","type":"product","link":"https:\/\/develop.eam-scientific.com\/tr\/produkt\/lc-ambalaj-malzemesi-sorbentler-doekme-alueminyum-oksit-noetr-alox-n\/","title":{"rendered":"LC, ambalaj malzemesi (sorbentler, d\u00f6kme), al\u00fcminyum oksit, n\u00f6tr, Alox N"},"content":{"rendered":"<p>Kolon kromatografisi i\u00e7in al\u00fcminyum oksit sorbent (aktivite seviyesi I). Hidrargillit gibi \u00e7e\u015fitli al\u00fcminyum hidroksitlerin 400 ila 500 \u00b0C aras\u0131nda dehidrasyonu ile \u00fcretilen al\u00fcminyum oksitler. N &#8211; n\u00f6tr pH de\u011feri 6,5-7,5.<\/p>\n","protected":false},"excerpt":{"rendered":"<p>Kolon kromatografisi i\u00e7in al\u00fcminyum oksit sorbent (aktivite seviyesi I). Hidrargillit gibi \u00e7e\u015fitli al\u00fcminyum hidroksitlerin 400 ila 500 \u00b0C aras\u0131nda dehidrasyonu ile \u00fcretilen al\u00fcminyum oksitler. N &#8211; n\u00f6tr pH de\u011feri 6,5-7,5.<\/p>\n","protected":false},"featured_media":16118,"comment_status":"open","ping_status":"closed","template":"","meta":[],"product_cat":[106,125,67],"product_tag":[],"class_list":{"0":"post-13080","1":"product","2":"type-product","3":"status-publish","4":"has-post-thumbnail","6":"product_cat-flas-kromatografi-lc-sorbentleri","7":"product_cat-flas-ve-lc-sorbentleri","8":"product_cat-kromatografi","10":"first","11":"instock","12":"shipping-taxable","13":"product-type-simple"},"_links":{"self":[{"href":"https:\/\/develop.eam-scientific.com\/tr\/wp-json\/wp\/v2\/product\/13080","targetHints":{"allow":["GET"]}}],"collection":[{"href":"https:\/\/develop.eam-scientific.com\/tr\/wp-json\/wp\/v2\/product"}],"about":[{"href":"https:\/\/develop.eam-scientific.com\/tr\/wp-json\/wp\/v2\/types\/product"}],"replies":[{"embeddable":true,"href":"https:\/\/develop.eam-scientific.com\/tr\/wp-json\/wp\/v2\/comments?post=13080"}],"wp:featuredmedia":[{"embeddable":true,"href":"https:\/\/develop.eam-scientific.com\/tr\/wp-json\/wp\/v2\/media\/16118"}],"wp:attachment":[{"href":"https:\/\/develop.eam-scientific.com\/tr\/wp-json\/wp\/v2\/media?parent=13080"}],"wp:term":[{"taxonomy":"product_cat","embeddable":true,"href":"https:\/\/develop.eam-scientific.com\/tr\/wp-json\/wp\/v2\/product_cat?post=13080"},{"taxonomy":"product_tag","embeddable":true,"href":"https:\/\/develop.eam-scientific.com\/tr\/wp-json\/wp\/v2\/product_tag?post=13080"}],"curies":[{"name":"wp","href":"https:\/\/api.w.org\/{rel}","templated":true}]}}