{"id":13081,"date":"2024-06-20T15:17:39","date_gmt":"2024-06-20T13:17:39","guid":{"rendered":"http:\/\/develop.eam-scientific.com\/produkt\/lc-ambalaj-malzemesi-sorbentler-doekme-silika-jel-fia-kaba-0071-063-mm\/"},"modified":"2024-06-20T15:17:39","modified_gmt":"2024-06-20T13:17:39","slug":"lc-ambalaj-malzemesi-sorbentler-doekme-silika-jel-fia-kaba-0071-063-mm","status":"publish","type":"product","link":"https:\/\/develop.eam-scientific.com\/tr\/produkt\/lc-ambalaj-malzemesi-sorbentler-doekme-silika-jel-fia-kaba-0071-063-mm\/","title":{"rendered":"LC, ambalaj malzemesi (sorbentler, d\u00f6kme), silika jel FIA (kaba), 0,071-0,63 mm"},"content":{"rendered":"<p>FIA y\u00f6nteminde, bir numunenin doymu\u015f hidrokarbonlar\u0131, olefinleri ve aromatikleri, bir floresan boya kar\u0131\u015f\u0131m\u0131 varl\u0131\u011f\u0131nda adsorpsiyon ve desorpsiyon yoluyla FIA silika jel ile doldurulmu\u015f bir kolonda kromatografik olarak belirlenir.<\/p>\n","protected":false},"excerpt":{"rendered":"<p>FIA y\u00f6nteminde, bir numunenin doymu\u015f hidrokarbonlar\u0131, olefinleri ve aromatikleri, bir floresan boya kar\u0131\u015f\u0131m\u0131 varl\u0131\u011f\u0131nda adsorpsiyon ve desorpsiyon yoluyla FIA silika jel ile doldurulmu\u015f bir kolonda kromatografik olarak belirlenir.<\/p>\n","protected":false},"featured_media":9752,"comment_status":"open","ping_status":"closed","template":"","meta":[],"product_cat":[106,125,67],"product_tag":[],"class_list":{"0":"post-13081","1":"product","2":"type-product","3":"status-publish","4":"has-post-thumbnail","6":"product_cat-flas-kromatografi-lc-sorbentleri","7":"product_cat-flas-ve-lc-sorbentleri","8":"product_cat-kromatografi","10":"first","11":"instock","12":"shipping-taxable","13":"product-type-simple"},"_links":{"self":[{"href":"https:\/\/develop.eam-scientific.com\/tr\/wp-json\/wp\/v2\/product\/13081","targetHints":{"allow":["GET"]}}],"collection":[{"href":"https:\/\/develop.eam-scientific.com\/tr\/wp-json\/wp\/v2\/product"}],"about":[{"href":"https:\/\/develop.eam-scientific.com\/tr\/wp-json\/wp\/v2\/types\/product"}],"replies":[{"embeddable":true,"href":"https:\/\/develop.eam-scientific.com\/tr\/wp-json\/wp\/v2\/comments?post=13081"}],"wp:featuredmedia":[{"embeddable":true,"href":"https:\/\/develop.eam-scientific.com\/tr\/wp-json\/wp\/v2\/media\/9752"}],"wp:attachment":[{"href":"https:\/\/develop.eam-scientific.com\/tr\/wp-json\/wp\/v2\/media?parent=13081"}],"wp:term":[{"taxonomy":"product_cat","embeddable":true,"href":"https:\/\/develop.eam-scientific.com\/tr\/wp-json\/wp\/v2\/product_cat?post=13081"},{"taxonomy":"product_tag","embeddable":true,"href":"https:\/\/develop.eam-scientific.com\/tr\/wp-json\/wp\/v2\/product_tag?post=13081"}],"curies":[{"name":"wp","href":"https:\/\/api.w.org\/{rel}","templated":true}]}}